{"id":2772,"date":"2025-09-22T08:57:18","date_gmt":"2025-09-22T08:57:18","guid":{"rendered":"https:\/\/peekmaterials.com\/?page_id=2772"},"modified":"2025-09-22T08:57:21","modified_gmt":"2025-09-22T08:57:21","slug":"gozetleme-burcu","status":"publish","type":"page","link":"https:\/\/peekmaterials.com\/tr\/parcalara-goz-at\/gozetleme-burcu\/","title":{"rendered":"PEEK Burcu"},"content":{"rendered":"<section class=\"bde-section-2772-100 bde-section\">\n  \n\t\n\n\n\n<div class=\"section-container\"><div class=\"bde-columns-2772-101 bde-columns\"><div class=\"bde-column-2772-102 bde-column\">\n  \n\t\n\n\n\n<div class=\"bde-image-2772-103 bde-image\">\n<figure class=\"breakdance-image breakdance-image--622\">\n\t<div class=\"breakdance-image-container\">\n\t\t<div class=\"breakdance-image-clip\"><img loading=\"lazy\" decoding=\"async\" class=\"breakdance-image-object\" src=\"https:\/\/peekmaterials.com\/wp-content\/uploads\/2024\/06\/plastic-bushings-electrical.webp\" width=\"900\" height=\"600\" srcset=\"https:\/\/peekmaterials.com\/wp-content\/uploads\/2024\/06\/plastic-bushings-electrical.webp 900w, https:\/\/peekmaterials.com\/wp-content\/uploads\/2024\/06\/plastic-bushings-electrical-300x200.webp 300w, https:\/\/peekmaterials.com\/wp-content\/uploads\/2024\/06\/plastic-bushings-electrical-768x512.webp 768w, https:\/\/peekmaterials.com\/wp-content\/uploads\/2024\/06\/plastic-bushings-electrical-18x12.webp 18w\" sizes=\"auto, (max-width: 900px) 100vw, 900px\" alt=\"plastik bur\u00e7lar elektrik\"><\/div>\n\t<\/div><\/figure>\n\n<\/div>\n<\/div><div class=\"bde-column-2772-104 bde-column\">\n  \n\t\n\n\n\n<h1 class=\"bde-heading-2772-105 bde-heading\">\nPEEK Bur\u00e7lar\u0131\n<\/h1><div class=\"bde-text-2772-106 bde-text\">\nPEEK bur\u00e7lar (Polietheretherketone bur\u00e7lar)<br>Bu, Peek m\u00fchendislik plastiklerinden enjeksiyonlu kal\u0131plama veya CNC i\u015fleme ile yap\u0131lm\u0131\u015f bir t\u00fcr bur\u00e7tur.<br>Ana i\u015flevi, \u015faft hareket etti\u011finde s\u00fcrt\u00fcnmeyi ve a\u015f\u0131nmay\u0131 d\u00fczeltmek ve azaltmakt\u0131r.\n<\/div><div class=\"bde-text-2772-107 bde-text\">\nPolietereterketon, y\u00fcksek s\u0131cakl\u0131k direnci, kendi kendine ya\u011flama, kolay i\u015flenme, y\u00fcksek \u00e7ekme mukavemeti, sertlik, iyi a\u015f\u0131nma direnci, d\u00fc\u015f\u00fck s\u00fcrt\u00fcnme katsay\u0131s\u0131, m\u00fckemmel kimyasal diren\u00e7 ve \u00e7ok d\u00fc\u015f\u00fck nem emilimi ile yar\u0131 kristal bir termoplastiktir ve bu da onu \u00f6zellikle uygun k\u0131lar. S\u00fcrt\u00fcnmeyi ve a\u015f\u0131nmay\u0131 azaltmak i\u00e7in bur\u00e7lar\u0131n i\u015flenmesi.\n<\/div><div class=\"bde-fancy-divider-2772-108 bde-fancy-divider\">\n\n\n<div class=\"bde-fancy-divider__wrapper\">\n  <div class=\"bde-fancy-divider__separator\">\n  \t  <\/div>\n<\/div>\n\n<\/div>\n<\/div><\/div><\/div>\n<\/section><section class=\"bde-section-2772-109 bde-section\">\n  \n\t\n\n\n\n<div class=\"section-container\"><div class=\"bde-columns-2772-110 bde-columns\"><div class=\"bde-column-2772-111 bde-column\">\n  \n\t\n\n\n\n<h2 class=\"bde-heading-2772-112 bde-heading\">\nPEEK bur\u00e7 detaylar\u0131\n<\/h2><div class=\"bde-rich-text-2772-113 bde-rich-text breakdance-rich-text-styles\">\n<ul>\n<li><strong>Renk:<\/strong>bej veya siyah<\/li>\n<li><strong>\u0130\u00e7 \u00e7ap:<\/strong>\u00a0\u00e7ap 28 mm ila 100 mm<\/li>\n<li><strong>D\u0131\u015f \u00e7ap:<\/strong>\u00a0\u00e7ap 60mm ila 130mm<\/li>\n<li><strong>Y\u00fck S\u0131n\u0131r\u0131:<\/strong>\u00a060 rpm-120 rpm<\/li>\n<li><strong>Uzunluk:<\/strong>\u00a0gereksinimlerinize g\u00f6re<\/li>\n<li><strong>Kuvvet:<\/strong>\u00a0116 MPa<\/li>\n<li><strong>Yo\u011funluk:<\/strong>\u00a01,32 gr\/cm3<\/li>\n<\/ul>\n<\/div>\n<\/div><div class=\"bde-column-2772-116 bde-column\">\n  \n\t\n\n\n\n<img decoding=\"async\" class=\"bde-image2-2772-117 bde-image2\" src=\"https:\/\/peekmaterials.com\/wp-content\/uploads\/2024\/06\/plastic-bushing-768x512.webp\" alt=\"plastik bur\u00e7\" srcset=\"https:\/\/peekmaterials.com\/wp-content\/uploads\/2024\/06\/plastic-bushing-768x512.webp 768w, https:\/\/peekmaterials.com\/wp-content\/uploads\/2024\/06\/plastic-bushing-300x200.webp 300w, https:\/\/peekmaterials.com\/wp-content\/uploads\/2024\/06\/plastic-bushing-18x12.webp 18w\" sizes=\"(max-width: 768px) 100vw, 768px\"><\/img>\n<\/div><\/div><\/div>\n<\/section><section class=\"bde-section-2772-118 bde-section\">\n  \n\t\n\n\n\n<div class=\"section-container\"><div class=\"bde-columns-2772-119 bde-columns\"><div class=\"bde-column-2772-120 bde-column\">\n  \n\t\n\n\n\n<img decoding=\"async\" class=\"bde-image2-2772-121 bde-image2\" src=\"https:\/\/peekmaterials.com\/wp-content\/uploads\/2024\/06\/peek-sleeve.webp\" alt=\"peek \u015faft kovan\u0131\" loading=\"lazy\" srcset=\"https:\/\/peekmaterials.com\/wp-content\/uploads\/2024\/06\/peek-sleeve.webp 900w, https:\/\/peekmaterials.com\/wp-content\/uploads\/2024\/06\/peek-sleeve-300x200.webp 300w, https:\/\/peekmaterials.com\/wp-content\/uploads\/2024\/06\/peek-sleeve-768x512.webp 768w, https:\/\/peekmaterials.com\/wp-content\/uploads\/2024\/06\/peek-sleeve-18x12.webp 18w\" sizes=\"(max-width: 900px) 100vw, 900px\"><\/img>\n<\/div><div class=\"bde-column-2772-122 bde-column\">\n  \n\t\n\n\n\n<h3 class=\"bde-heading-2772-123 bde-heading\">\nPEEK burcunun avantajlar\u0131\n<\/h3><div class=\"bde-checkmark-list-2772-181 bde-checkmark-list\">\n<ul>\n  \n              \n              \n    <li>\n      <span class='bde-checkmark-list__icon bde-checkmark-list__icon_yes  bg-yes'>\n                  <svg xmlns=\"http:\/\/www.w3.org\/2000\/svg\" viewbox=\"0 0 24 24\"><path d=\"M18.71,7.21a1,1,0,0,0-1.42,0L9.84,14.67,6.71,11.53A1,1,0,1,0,5.29,13l3.84,3.84a1,1,0,0,0,1.42,0l8.16-8.16A1,1,0,0,0,18.71,7.21Z\"\/><\/svg>\n              <\/span>\n      <div >\n        Kendinden ya\u011flamal\u0131\n      <\/div>\n\n    <\/li>\n\n  \n              \n              \n    <li>\n      <span class='bde-checkmark-list__icon bde-checkmark-list__icon_yes  bg-yes'>\n                  <svg xmlns=\"http:\/\/www.w3.org\/2000\/svg\" viewbox=\"0 0 24 24\"><path d=\"M18.71,7.21a1,1,0,0,0-1.42,0L9.84,14.67,6.71,11.53A1,1,0,1,0,5.29,13l3.84,3.84a1,1,0,0,0,1.42,0l8.16-8.16A1,1,0,0,0,18.71,7.21Z\"\/><\/svg>\n              <\/span>\n      <div >\n        D\u00fc\u015f\u00fck s\u00fcrt\u00fcnme katsay\u0131s\u0131\n      <\/div>\n\n    <\/li>\n\n  \n              \n              \n    <li>\n      <span class='bde-checkmark-list__icon bde-checkmark-list__icon_yes  bg-yes'>\n                  <svg xmlns=\"http:\/\/www.w3.org\/2000\/svg\" viewbox=\"0 0 24 24\"><path d=\"M18.71,7.21a1,1,0,0,0-1.42,0L9.84,14.67,6.71,11.53A1,1,0,1,0,5.29,13l3.84,3.84a1,1,0,0,0,1.42,0l8.16-8.16A1,1,0,0,0,18.71,7.21Z\"\/><\/svg>\n              <\/span>\n      <div >\n        Y\u00fcksek y\u00fck kapasitesi\n      <\/div>\n\n    <\/li>\n\n  \n              \n              \n    <li>\n      <span class='bde-checkmark-list__icon bde-checkmark-list__icon_yes  bg-yes'>\n                  <svg xmlns=\"http:\/\/www.w3.org\/2000\/svg\" viewbox=\"0 0 24 24\"><path d=\"M18.71,7.21a1,1,0,0,0-1.42,0L9.84,14.67,6.71,11.53A1,1,0,1,0,5.29,13l3.84,3.84a1,1,0,0,0,1.42,0l8.16-8.16A1,1,0,0,0,18.71,7.21Z\"\/><\/svg>\n              <\/span>\n      <div >\n        Korozyon korumas\u0131\n      <\/div>\n\n    <\/li>\n\n  \n              \n              \n    <li>\n      <span class='bde-checkmark-list__icon bde-checkmark-list__icon_yes  bg-yes'>\n                  <svg xmlns=\"http:\/\/www.w3.org\/2000\/svg\" viewbox=\"0 0 24 24\"><path d=\"M18.71,7.21a1,1,0,0,0-1.42,0L9.84,14.67,6.71,11.53A1,1,0,1,0,5.29,13l3.84,3.84a1,1,0,0,0,1.42,0l8.16-8.16A1,1,0,0,0,18.71,7.21Z\"\/><\/svg>\n              <\/span>\n      <div >\n        D\u00fc\u015f\u00fck a\u015f\u0131nma oran\u0131\n      <\/div>\n\n    <\/li>\n\n  \n              \n              \n    <li>\n      <span class='bde-checkmark-list__icon bde-checkmark-list__icon_yes  bg-yes'>\n                  <svg xmlns=\"http:\/\/www.w3.org\/2000\/svg\" viewbox=\"0 0 24 24\"><path d=\"M18.71,7.21a1,1,0,0,0-1.42,0L9.84,14.67,6.71,11.53A1,1,0,1,0,5.29,13l3.84,3.84a1,1,0,0,0,1.42,0l8.16-8.16A1,1,0,0,0,18.71,7.21Z\"\/><\/svg>\n              <\/span>\n      <div >\n        Azalt\u0131lm\u0131\u015f yap\u0131\u015fma-kayma\n      <\/div>\n\n    <\/li>\n\n  \n              \n              \n    <li>\n      <span class='bde-checkmark-list__icon bde-checkmark-list__icon_yes  bg-yes'>\n                  <svg xmlns=\"http:\/\/www.w3.org\/2000\/svg\" viewbox=\"0 0 24 24\"><path d=\"M18.71,7.21a1,1,0,0,0-1.42,0L9.84,14.67,6.71,11.53A1,1,0,1,0,5.29,13l3.84,3.84a1,1,0,0,0,1.42,0l8.16-8.16A1,1,0,0,0,18.71,7.21Z\"\/><\/svg>\n              <\/span>\n      <div >\n        \u00d6l\u00e7\u00fcsel dura\u011fanl\u0131k\n      <\/div>\n\n    <\/li>\n\n  <\/ul>\n\n<\/div>\n<\/div><\/div><\/div>\n<\/section><section class=\"bde-section-2772-165 bde-section\">\n  \n\t\n\n\n\n<div class=\"section-container\"><div class=\"bde-columns-2772-166 bde-columns\"><div class=\"bde-column-2772-167 bde-column\">\n  \n\t\n\n\n\n<h3 class=\"bde-heading-2772-168 bde-heading\">\nPEEK par\u00e7alar\u0131 \u00fcretimimizdeki sorunlar ve \u00e7\u00f6z\u00fcmleri\n<\/h3><div class=\"bde-rich-text-2772-169 bde-rich-text breakdance-rich-text-styles\">\n<p>PEEK \u00fcr\u00fcnlerinin en yayg\u0131n bi\u00e7imleri \u015funlard\u0131r:\u00a0<a href=\"https:\/\/peekmaterials.com\/tr\/parcalara-goz-at\/gozetleme-halkasi\/\" data-wplink-edit=\"true\"><strong>PEEK s\u0131zd\u0131rmazl\u0131k halkalar\u0131<\/strong><\/a>,\u00a0<strong>PEEK yata\u011f\u0131<\/strong>, mil bur\u00e7lar\u0131 vb. B\u00fcy\u00fck boyutlu, ince duvarl\u0131, y\u00fcksek uzunluktaki PEEK bur\u00e7lar\u0131n\u0131n i\u015flenmesi, s\u0131kma deformasyonunun kolayl\u0131\u011f\u0131, b\u0131\u00e7a\u011f\u0131n titre\u015fimi ve i\u015fleme prosesindeki di\u011fer problemler nedeniyle zordur.<\/p>\n<\/div>\n<\/div><div class=\"bde-column-2772-170 bde-column\">\n  \n\t\n\n\n\n<img decoding=\"async\" class=\"bde-image2-2772-171 bde-image2\" src=\"https:\/\/peekmaterials.com\/wp-content\/uploads\/2024\/06\/plastic-bushing-768x512.webp\" alt=\"plastik bur\u00e7\" srcset=\"https:\/\/peekmaterials.com\/wp-content\/uploads\/2024\/06\/plastic-bushing-768x512.webp 768w, https:\/\/peekmaterials.com\/wp-content\/uploads\/2024\/06\/plastic-bushing-300x200.webp 300w, https:\/\/peekmaterials.com\/wp-content\/uploads\/2024\/06\/plastic-bushing-18x12.webp 18w\" sizes=\"(max-width: 768px) 100vw, 768px\"><\/img>\n<\/div><\/div><\/div>\n<\/section><section class=\"bde-section-2772-148 bde-section\">\n  \n\t\n\n\n\n<div class=\"section-container\"><div class=\"bde-fancy-divider-2772-149 bde-fancy-divider\">\n\n\n<div class=\"bde-fancy-divider__wrapper\">\n  <div class=\"bde-fancy-divider__separator\">\n  \t  <\/div>\n<\/div>\n\n<\/div><div class=\"bde-fancy-divider-2772-150 bde-fancy-divider\">\n\n\n<div class=\"bde-fancy-divider__wrapper\">\n  <div class=\"bde-fancy-divider__separator\">\n  \t  <\/div>\n<\/div>\n\n<\/div><div class=\"bde-columns-2772-151 bde-columns\"><div class=\"bde-column-2772-152 bde-column\">\n  \n\t\n\n\n\n<h3 class=\"bde-heading-2772-153 bde-heading\">\nOEM \/ ODM PEEK Kol Bur\u00e7lar\u0131\n<\/h3><div class=\"bde-text-2772-182 bde-text\">\nBW\u00ae b\u00fcnyesinde CNC i\u015fleme, manuel aletli torna tezgahlar\u0131, matkap tezgahlar\u0131, merkezsiz ta\u015flama makineleri, \u00e7ift tarafl\u0131 ta\u015flama, tek tarafl\u0131 ta\u015flama vb. olmak \u00fczere yakla\u015f\u0131k 15 \u00e7e\u015fit i\u015fleme ekipman\u0131n\u0131n bulundu\u011fu bir CNC at\u00f6lyesi bulunmaktad\u0131r.\n<\/div><div class=\"bde-text-2772-183 bde-text\">\n\u0130\u015fleme verimlili\u011fini art\u0131rmak i\u00e7in, \u00e7e\u015fitli par\u00e7alar\u0131n otomatik olarak s\u0131k\u0131\u015ft\u0131r\u0131lmas\u0131 i\u00e7in otomasyonlu ekipmanlar kullan\u0131l\u0131r, b\u00f6ylece kesintisiz 7\/24 \u00fcretim sa\u011flan\u0131r, \u00fcr\u00fcn par\u00e7alar\u0131n\u0131n y\u00fcksek kalitede ve verimli \u00fcretimi sa\u011flan\u0131r.\n<\/div><div class=\"bde-text-2772-184 bde-text\">\nBW\u00ae olarak, pazar\u0131n i\u015flevsellik, g\u00fcvenilirlik ve g\u00fcvenlik gereksinimlerini kar\u015f\u0131lamak i\u00e7in her zaman mevcut ekipman ve s\u00fcre\u00e7lerimizi ara\u015ft\u0131r\u0131yor ve m\u00fckemmelle\u015ftiriyor, uluslararas\u0131 ileri teknolojiyi tan\u0131t\u0131yor ve yenilik\u00e7i iyile\u015ftirmeler yap\u0131yoruz.\n<\/div><div class=\"bde-image-2772-155 bde-image\">\n<figure class=\"breakdance-image breakdance-image--619\">\n\t<div class=\"breakdance-image-container\">\n\t\t<div class=\"breakdance-image-clip\"><img loading=\"lazy\" decoding=\"async\" class=\"breakdance-image-object\" src=\"https:\/\/peekmaterials.com\/wp-content\/uploads\/2024\/06\/peek-bushings.webp\" width=\"900\" height=\"600\" srcset=\"https:\/\/peekmaterials.com\/wp-content\/uploads\/2024\/06\/peek-bushings.webp 900w, https:\/\/peekmaterials.com\/wp-content\/uploads\/2024\/06\/peek-bushings-300x200.webp 300w, https:\/\/peekmaterials.com\/wp-content\/uploads\/2024\/06\/peek-bushings-768x512.webp 768w, https:\/\/peekmaterials.com\/wp-content\/uploads\/2024\/06\/peek-bushings-18x12.webp 18w\" sizes=\"auto, (max-width: 900px) 100vw, 900px\" alt=\"bur\u00e7lara g\u00f6z atmak\"><\/div>\n\t<\/div><\/figure>\n\n<\/div>\n<\/div><div class=\"bde-column-2772-156 bde-column\">\n  \n\t\n\n\n\n<h3 class=\"bde-dual-heading-2772-157 bde-dual-heading\">\n\n\n            <span data-style=\"primary\" class=\"dual-heading--primary\">PEEK Kovan Bur\u00e7lar\u0131n\u0131z\u0131 Hemen Al\u0131n!<\/span>\n\n\n\n<\/h3><div class=\"bde-form-builder-2772-158 bde-form-builder\">\n\n\n<form id=\"contact-form158\" class=\"breakdance-form breakdance-form--vertical\" data-options=\"{&quot;slug&quot;:&quot;custom&quot;,&quot;name&quot;:&quot;Contact Form&quot;,&quot;ajaxUrl&quot;:&quot;https:\\\/\\\/peekmaterials.com\\\/wp-admin\\\/admin-ajax.php&quot;,&quot;clearOnSuccess&quot;:true,&quot;hideOnSuccess&quot;:false,&quot;successMessage&quot;:&quot;The form was submitted successfully.&quot;,&quot;errorMessage&quot;:&quot;Something went wrong.&quot;,&quot;redirect&quot;:false,&quot;redirectUrl&quot;:&quot;&quot;,&quot;customJavaScript&quot;:&quot;&quot;,&quot;recaptcha&quot;:{&quot;key&quot;:&quot;&quot;,&quot;enabled&quot;:false},&quot;honeypot_enabled&quot;:false,&quot;popupsOnSuccess&quot;:[],&quot;popupsOnError&quot;:[]}\" data-steps=\"0\" action=\"\" >\n  \n  \n  \n<div class=\"breakdance-form-field breakdance-form-field--text\" >\n    \n    \n            <label class=\"breakdance-form-field__label\" for=\"name\">\n            \u0130lk ad\u0131<span class=\"breakdance-form-field__required\">*<\/span>\n        <\/label>\n    \n    <input\n    class=\"breakdance-form-field__input\"\n    id=\"name\"\n    aria-describedby=\"name\"\n    type=\"text\"\n    name=\"fields[name]\"\n    placeholder=\"Ad\u0131n\u0131z\u0131 girin\"\n    value=\"\"\n                \n        \n        \n    required\n>\n\n\n    \n    \n<\/div>\n\n\n<div class=\"breakdance-form-field breakdance-form-field--text\" >\n    \n    \n            <label class=\"breakdance-form-field__label\" for=\"hhfcby\">\n            Soy isim<span class=\"breakdance-form-field__required\">*<\/span>\n        <\/label>\n    \n    <input\n    class=\"breakdance-form-field__input\"\n    id=\"hhfcby\"\n    aria-describedby=\"hhfcby\"\n    type=\"text\"\n    name=\"fields[hhfcby]\"\n    placeholder=\"Soyad\u0131n\u0131z\u0131 giriniz\"\n    value=\"\"\n                \n        \n        \n    required\n>\n\n\n    \n    \n<\/div>\n\n\n<div class=\"breakdance-form-field breakdance-form-field--email\" >\n    \n    \n            <label class=\"breakdance-form-field__label\" for=\"email\">\n            E-posta Adresi<span class=\"breakdance-form-field__required\">*<\/span>\n        <\/label>\n    \n    <input\n    class=\"breakdance-form-field__input\"\n    id=\"email\"\n    aria-describedby=\"email\"\n    type=\"email\"\n    name=\"fields[email]\"\n    placeholder=\"E-postan\u0131z\u0131 girin\"\n    value=\"\"\n                \n        \n        \n    required\n>\n\n\n    \n    \n<\/div>\n\n\n<div class=\"breakdance-form-field breakdance-form-field--tel\" >\n    \n    \n            <label class=\"breakdance-form-field__label\" for=\"vlpzhz\">\n            Telefon Numaras\u0131<span class=\"breakdance-form-field__required\">*<\/span>\n        <\/label>\n    \n    <input\n    class=\"breakdance-form-field__input\"\n    id=\"vlpzhz\"\n    aria-describedby=\"vlpzhz\"\n    type=\"tel\"\n    name=\"fields[vlpzhz]\"\n    placeholder=\"Telefonunuzu girin\"\n    value=\"\"\n                \n        \n        \n    required\n>\n\n\n    \n    \n<\/div>\n\n\n<div class=\"breakdance-form-field breakdance-form-field--textarea\" >\n    \n    \n            <label class=\"breakdance-form-field__label\" for=\"message\">\n            Mesaj\n        <\/label>\n    \n    <textarea\n    class=\"breakdance-form-field__input\"\n    id=\"message\"\n    aria-describedby=\"message\"\n    type=\"textarea\"\n    name=\"fields[message]\"\n        placeholder=\"Mesaj\u0131n\u0131z\u0131 buraya yaz\u0131n...\"\n    \n    >\n<\/textarea>\n\n\n    \n    \n<\/div>\n\n\n  \n\n<div class=\"breakdance-form-field breakdance-form-footer\">\n    \n    \n                                    \n    \n    \n    \n    \n            \n            <button type=\"submit\" class=\"button-atom button-atom--primary breakdance-form-button breakdance-form-button__submit\"  >\n    \n        <span class=\"button-atom__text\">sbumit<\/span>\n\n        \n        \n            <\/button>\n    \n    <input type=\"hidden\" name=\"form_id\" value=\"158\">\n    <input type=\"hidden\" name=\"post_id\" value=\"2772\">\n<\/div>\n\n  \n<input type=\"hidden\" name=\"trp-form-language\" value=\"tr\"\/><\/form>\n\n\n\n<\/div>\n<\/div><\/div><\/div>\n<\/section><section class=\"bde-section-2772-159 bde-section\">\n  \n\t\n\n\n\n<div class=\"section-container\"><h3 class=\"bde-heading-2772-160 bde-heading\">\n\u0130lgili \u00fcr\u00fcnler\n<\/h3><div class=\"bde-div-2772-161 bde-div\">\n  \n\t\n\n\n\n<div class=\"bde-image-hover-card-2772-162 bde-image-hover-card\">\n           \n            \n            \n\n    \n    \n    \n    \n    \n    <a class=\"breakdance-link\" href=\"https:\/\/peekmaterials.com\/tr\/formlara-goz-at\/gozetleme-filamentleri\/\" target=\"_self\" data-type=\"url\"  >\n\n<figure class=\"ee-imagehover c4-izmir c4-border-bottom-left c4-image-zoom-in\">\n    <img loading=\"lazy\" decoding=\"async\" class=\"breakdance-image-object\" src=\"https:\/\/peekmaterials.com\/wp-content\/uploads\/2025\/03\/3d-filament.webp\" width=\"500\" height=\"500\" srcset=\"https:\/\/peekmaterials.com\/wp-content\/uploads\/2025\/03\/3d-filament.webp 500w, https:\/\/peekmaterials.com\/wp-content\/uploads\/2025\/03\/3d-filament-300x300.webp 300w, https:\/\/peekmaterials.com\/wp-content\/uploads\/2025\/03\/3d-filament-150x150.webp 150w, https:\/\/peekmaterials.com\/wp-content\/uploads\/2025\/03\/3d-filament-12x12.webp 12w\" sizes=\"auto, (max-width: 500px) 100vw, 500px\" alt=\"\">\n  <figcaption class=\"c4-layout-bottom-left\">\n                <div class=\"c4-reveal-right c4-delay-100\">\n              <h4 class=\"ee-imagehover-title\">PEEK F\u0130LAMENT<\/h4>\n      <\/div>\n      <\/figcaption>\n<\/figure>\n      <\/a>\n\n<\/div><div class=\"bde-image-hover-card-2772-163 bde-image-hover-card\">\n           \n            \n            \n\n    \n    \n    \n    \n    \n    <a class=\"breakdance-link\" href=\"https:\/\/peekmaterials.com\/tr\/formlara-goz-at\/gozetleme-tupu\/\" target=\"_self\" data-type=\"url\"  >\n\n<figure class=\"ee-imagehover c4-izmir c4-border-bottom-left c4-image-zoom-in\">\n    <img loading=\"lazy\" decoding=\"async\" class=\"breakdance-image-object\" src=\"https:\/\/peekmaterials.com\/wp-content\/uploads\/2025\/02\/PEEK-TUBES.webp\" width=\"500\" height=\"500\" srcset=\"https:\/\/peekmaterials.com\/wp-content\/uploads\/2025\/02\/PEEK-TUBES.webp 500w, https:\/\/peekmaterials.com\/wp-content\/uploads\/2025\/02\/PEEK-TUBES-300x300.webp 300w, https:\/\/peekmaterials.com\/wp-content\/uploads\/2025\/02\/PEEK-TUBES-150x150.webp 150w, https:\/\/peekmaterials.com\/wp-content\/uploads\/2025\/02\/PEEK-TUBES-12x12.webp 12w\" sizes=\"auto, (max-width: 500px) 100vw, 500px\" alt=\"\">\n  <figcaption class=\"c4-layout-bottom-left\">\n                <div class=\"c4-reveal-right c4-delay-100\">\n              <h4 class=\"ee-imagehover-title\">PEEK T\u00fcp\u00fc<\/h4>\n      <\/div>\n      <\/figcaption>\n<\/figure>\n      <\/a>\n\n<\/div><div class=\"bde-image-hover-card-2772-164 bde-image-hover-card\">\n           \n            \n            \n\n    \n    \n    \n    \n    \n    <a class=\"breakdance-link\" href=\"https:\/\/peekmaterials.com\/tr\/formlara-goz-at\/goz-atma-sayfasi\/\" target=\"_self\" data-type=\"url\"  >\n\n<figure class=\"ee-imagehover c4-izmir c4-border-bottom-left c4-image-zoom-in\">\n    <img loading=\"lazy\" decoding=\"async\" class=\"breakdance-image-object\" src=\"https:\/\/peekmaterials.com\/wp-content\/uploads\/2024\/11\/PEEK-Thermo-Plastic-Sheets.webp\" width=\"1080\" height=\"1080\" srcset=\"https:\/\/peekmaterials.com\/wp-content\/uploads\/2024\/11\/PEEK-Thermo-Plastic-Sheets.webp 1080w, https:\/\/peekmaterials.com\/wp-content\/uploads\/2024\/11\/PEEK-Thermo-Plastic-Sheets-300x300.webp 300w, https:\/\/peekmaterials.com\/wp-content\/uploads\/2024\/11\/PEEK-Thermo-Plastic-Sheets-1024x1024.webp 1024w, https:\/\/peekmaterials.com\/wp-content\/uploads\/2024\/11\/PEEK-Thermo-Plastic-Sheets-150x150.webp 150w, https:\/\/peekmaterials.com\/wp-content\/uploads\/2024\/11\/PEEK-Thermo-Plastic-Sheets-768x768.webp 768w, https:\/\/peekmaterials.com\/wp-content\/uploads\/2024\/11\/PEEK-Thermo-Plastic-Sheets-12x12.webp 12w\" sizes=\"auto, (max-width: 1080px) 100vw, 1080px\" alt=\"PEEK Termo Plastik Levhalar\">\n  <figcaption class=\"c4-layout-bottom-left\">\n                <div class=\"c4-reveal-right c4-delay-100\">\n              <h4 class=\"ee-imagehover-title\">PEEK sayfas\u0131<\/h4>\n      <\/div>\n      <\/figcaption>\n<\/figure>\n      <\/a>\n\n<\/div>\n<\/div><\/div>\n<\/section>","protected":false},"excerpt":{"rendered":"<p>PEEK Bur\u00e7lar PEEK bur\u00e7lar (Polietereterketon bur\u00e7lar) Enjeksiyon kal\u0131plama veya CNC i\u015fleme ile Peek m\u00fchendislik plastiklerinden \u00fcretilen bir bur\u00e7 t\u00fcr\u00fcd\u00fcr. Ana i\u015flevi, \u015faft hareket etti\u011finde s\u00fcrt\u00fcnmeyi ve a\u015f\u0131nmay\u0131 azaltmak ve sabitlemektir. Polietereterketon, y\u00fcksek s\u0131cakl\u0131k dayan\u0131m\u0131, kendi kendini ya\u011flama, kolay i\u015flenebilirlik, y\u00fcksek \u00e7ekme mukavemeti, sertlik ve iyi [\u2026] \u00f6zelliklerine sahip yar\u0131 kristal bir termoplastiktir.<\/p>","protected":false},"author":1,"featured_media":622,"parent":2503,"menu_order":0,"comment_status":"closed","ping_status":"closed","template":"","meta":{"googlesitekit_rrm_CAowl6XZCw:productID":"","_breakdance_hide_in_design_set":false,"_breakdance_tags":"","footnotes":""},"class_list":["post-2772","page","type-page","status-publish","has-post-thumbnail","hentry"],"_links":{"self":[{"href":"https:\/\/peekmaterials.com\/tr\/wp-json\/wp\/v2\/pages\/2772","targetHints":{"allow":["GET"]}}],"collection":[{"href":"https:\/\/peekmaterials.com\/tr\/wp-json\/wp\/v2\/pages"}],"about":[{"href":"https:\/\/peekmaterials.com\/tr\/wp-json\/wp\/v2\/types\/page"}],"author":[{"embeddable":true,"href":"https:\/\/peekmaterials.com\/tr\/wp-json\/wp\/v2\/users\/1"}],"replies":[{"embeddable":true,"href":"https:\/\/peekmaterials.com\/tr\/wp-json\/wp\/v2\/comments?post=2772"}],"version-history":[{"count":8,"href":"https:\/\/peekmaterials.com\/tr\/wp-json\/wp\/v2\/pages\/2772\/revisions"}],"predecessor-version":[{"id":2780,"href":"https:\/\/peekmaterials.com\/tr\/wp-json\/wp\/v2\/pages\/2772\/revisions\/2780"}],"up":[{"embeddable":true,"href":"https:\/\/peekmaterials.com\/tr\/wp-json\/wp\/v2\/pages\/2503"}],"wp:featuredmedia":[{"embeddable":true,"href":"https:\/\/peekmaterials.com\/tr\/wp-json\/wp\/v2\/media\/622"}],"wp:attachment":[{"href":"https:\/\/peekmaterials.com\/tr\/wp-json\/wp\/v2\/media?parent=2772"}],"curies":[{"name":"wp","href":"https:\/\/api.w.org\/{rel}","templated":true}]}}