{"id":2013,"date":"2025-01-15T08:41:58","date_gmt":"2025-01-15T08:41:58","guid":{"rendered":"https:\/\/peekmaterials.com\/?page_id=2013"},"modified":"2025-01-15T08:41:58","modified_gmt":"2025-01-15T08:41:58","slug":"ptfe-plastik","status":"publish","type":"page","link":"https:\/\/peekmaterials.com\/tr\/ptfe-plastik\/","title":{"rendered":"PTFE Plastik"},"content":{"rendered":"<section class=\"bde-section-2013-114 bde-section\">\n  \n\t\n\n\n\n<div class=\"section-container\"><h1 class=\"bde-heading-2013-117 bde-heading\">\nPTFE PLAST\u0130K\n<\/h1><div class=\"bde-text-2013-118 bde-text\">\nPurus quam nisl faucibus tortor ac felis vestibulum sem. Sed eget aliquam<br>nullam sit id mi. Kolayl\u0131k sa\u011flamak i\u00e7in daha \u00f6zg\u00fcr olman\u0131z\u0131 sa\u011flar. Cras pulvinar purus urna turpis leo dolor cursus.\n<\/div><\/div>\n<\/section><section class=\"bde-section-2013-100 bde-section\">\n  \n\t\n\n\n\n<div class=\"section-container\"><div class=\"bde-div-2013-101 bde-div\">\n  \n\t\n\n\n\n<div class=\"bde-image-2013-102 bde-image\">\n<figure class=\"breakdance-image breakdance-image--142\">\n\t<div class=\"breakdance-image-container\">\n\t\t<div class=\"breakdance-image-clip\"><img loading=\"lazy\" decoding=\"async\" class=\"breakdance-image-object\" src=\"https:\/\/breakdancelibrary.com\/construction\/wp-content\/uploads\/sites\/39\/2024\/06\/projects-img1-home.png\" width=\"680\" height=\"852\" srcset=\"https:\/\/breakdancelibrary.com\/construction\/wp-content\/uploads\/sites\/39\/2024\/06\/projects-img1-home.png 680w, https:\/\/breakdancelibrary.com\/construction\/wp-content\/uploads\/sites\/39\/2024\/06\/projects-img1-home-239x300.png 239w\" sizes=\"auto, (max-width: 680px) 100vw, 680px\" alt=\"\"><\/div>\n\t<\/div><\/figure>\n\n<\/div><div class=\"bde-div-2013-103 bde-div\">\n  \n\t\n\n\n\n<h3 class=\"bde-heading-2013-104 bde-heading\">\nHouseonus Binas\u0131\n<\/h3><div class=\"bde-text-2013-105 bde-text\">\nAmet tam say\u0131 olarak ut&#039;u vulputate eder. Ut quis libero consectetur pretium Varius. Rhoncus ve vulputate pretium senectus tristique.\n<\/div><div class=\"bde-button-2013-106 bde-button\">\n    \n                                    \n    \n    \n    \n    \n            \n                    \n            \n            \n\n    \n    \n    \n    \n    \n    <a class=\"breakdance-link button-atom button-atom--secondary bde-button__button\" href=\"https:\/\/breakdancelibrary.com\/construction\/projects\/houseonus-building\/\" target=\"_self\" data-type=\"url\" rel=\"nofollow noopener\">\n\n    \n        <span class=\"button-atom__text\">projeyi g\u00f6r\u00fcnt\u00fcle<\/span>\n\n        \n        \n                <\/a>\n\n    \n\n\n<\/div>\n<\/div><div class=\"bde-image-2013-107 bde-image\">\n<figure class=\"breakdance-image breakdance-image--143\">\n\t<div class=\"breakdance-image-container\">\n\t\t<div class=\"breakdance-image-clip\"><img loading=\"lazy\" decoding=\"async\" class=\"breakdance-image-object\" src=\"https:\/\/breakdancelibrary.com\/construction\/wp-content\/uploads\/sites\/39\/2024\/06\/projects-img2-home.png\" width=\"680\" height=\"852\" srcset=\"https:\/\/breakdancelibrary.com\/construction\/wp-content\/uploads\/sites\/39\/2024\/06\/projects-img2-home.png 680w, https:\/\/breakdancelibrary.com\/construction\/wp-content\/uploads\/sites\/39\/2024\/06\/projects-img2-home-239x300.png 239w\" sizes=\"auto, (max-width: 680px) 100vw, 680px\" alt=\"\"><\/div>\n\t<\/div><\/figure>\n\n<\/div><div class=\"bde-image-2013-108 bde-image\">\n<figure class=\"breakdance-image breakdance-image--171\">\n\t<div class=\"breakdance-image-container\">\n\t\t<div class=\"breakdance-image-clip\"><img loading=\"lazy\" decoding=\"async\" class=\"breakdance-image-object\" src=\"https:\/\/breakdancelibrary.com\/construction\/wp-content\/uploads\/sites\/39\/2024\/06\/projects-img3-home.png\" width=\"680\" height=\"852\" srcset=\"https:\/\/breakdancelibrary.com\/construction\/wp-content\/uploads\/sites\/39\/2024\/06\/projects-img3-home.png 680w, https:\/\/breakdancelibrary.com\/construction\/wp-content\/uploads\/sites\/39\/2024\/06\/projects-img3-home-239x300.png 239w\" sizes=\"auto, (max-width: 680px) 100vw, 680px\" alt=\"\"><\/div>\n\t<\/div><\/figure>\n\n<\/div><div class=\"bde-image-2013-109 bde-image\">\n<figure class=\"breakdance-image breakdance-image--173\">\n\t<div class=\"breakdance-image-container\">\n\t\t<div class=\"breakdance-image-clip\"><img loading=\"lazy\" decoding=\"async\" class=\"breakdance-image-object\" src=\"https:\/\/breakdancelibrary.com\/construction\/wp-content\/uploads\/sites\/39\/2024\/06\/projects-img5-home.png\" width=\"680\" height=\"852\" srcset=\"https:\/\/breakdancelibrary.com\/construction\/wp-content\/uploads\/sites\/39\/2024\/06\/projects-img5-home.png 680w, https:\/\/breakdancelibrary.com\/construction\/wp-content\/uploads\/sites\/39\/2024\/06\/projects-img5-home-239x300.png 239w\" sizes=\"auto, (max-width: 680px) 100vw, 680px\" alt=\"\"><\/div>\n\t<\/div><\/figure>\n\n<\/div><div class=\"bde-image-2013-110 bde-image\">\n<figure class=\"breakdance-image breakdance-image--172\">\n\t<div class=\"breakdance-image-container\">\n\t\t<div class=\"breakdance-image-clip\"><img loading=\"lazy\" decoding=\"async\" class=\"breakdance-image-object\" src=\"https:\/\/breakdancelibrary.com\/construction\/wp-content\/uploads\/sites\/39\/2024\/06\/projects-img4-home.png\" width=\"680\" height=\"852\" srcset=\"https:\/\/breakdancelibrary.com\/construction\/wp-content\/uploads\/sites\/39\/2024\/06\/projects-img4-home.png 680w, https:\/\/breakdancelibrary.com\/construction\/wp-content\/uploads\/sites\/39\/2024\/06\/projects-img4-home-239x300.png 239w\" sizes=\"auto, (max-width: 680px) 100vw, 680px\" alt=\"\"><\/div>\n\t<\/div><\/figure>\n\n<\/div><div class=\"bde-image-2013-111 bde-image\">\n<figure class=\"breakdance-image breakdance-image--174\">\n\t<div class=\"breakdance-image-container\">\n\t\t<div class=\"breakdance-image-clip\"><img loading=\"lazy\" decoding=\"async\" class=\"breakdance-image-object\" src=\"https:\/\/breakdancelibrary.com\/construction\/wp-content\/uploads\/sites\/39\/2024\/06\/projects-img6-home.png\" width=\"680\" height=\"852\" srcset=\"https:\/\/breakdancelibrary.com\/construction\/wp-content\/uploads\/sites\/39\/2024\/06\/projects-img6-home.png 680w, https:\/\/breakdancelibrary.com\/construction\/wp-content\/uploads\/sites\/39\/2024\/06\/projects-img6-home-239x300.png 239w\" sizes=\"auto, (max-width: 680px) 100vw, 680px\" alt=\"\"><\/div>\n\t<\/div><\/figure>\n\n<\/div><div class=\"bde-image-2013-112 bde-image\">\n<figure class=\"breakdance-image breakdance-image--170\">\n\t<div class=\"breakdance-image-container\">\n\t\t<div class=\"breakdance-image-clip\"><img loading=\"lazy\" decoding=\"async\" class=\"breakdance-image-object\" src=\"https:\/\/breakdancelibrary.com\/construction\/wp-content\/uploads\/sites\/39\/2024\/06\/projects-img8-home.png\" width=\"680\" height=\"852\" srcset=\"https:\/\/breakdancelibrary.com\/construction\/wp-content\/uploads\/sites\/39\/2024\/06\/projects-img8-home.png 680w, https:\/\/breakdancelibrary.com\/construction\/wp-content\/uploads\/sites\/39\/2024\/06\/projects-img8-home-239x300.png 239w\" sizes=\"auto, (max-width: 680px) 100vw, 680px\" alt=\"\"><\/div>\n\t<\/div><\/figure>\n\n<\/div><div class=\"bde-image-2013-113 bde-image\">\n<figure class=\"breakdance-image breakdance-image--175\">\n\t<div class=\"breakdance-image-container\">\n\t\t<div class=\"breakdance-image-clip\"><img loading=\"lazy\" decoding=\"async\" class=\"breakdance-image-object\" src=\"https:\/\/breakdancelibrary.com\/construction\/wp-content\/uploads\/sites\/39\/2024\/06\/projects-img7-home.png\" width=\"680\" height=\"852\" srcset=\"https:\/\/breakdancelibrary.com\/construction\/wp-content\/uploads\/sites\/39\/2024\/06\/projects-img7-home.png 680w, https:\/\/breakdancelibrary.com\/construction\/wp-content\/uploads\/sites\/39\/2024\/06\/projects-img7-home-239x300.png 239w\" sizes=\"auto, (max-width: 680px) 100vw, 680px\" alt=\"\"><\/div>\n\t<\/div><\/figure>\n\n<\/div>\n<\/div><\/div>\n<\/section>","protected":false},"excerpt":{"rendered":"<p>PTFE PLAST\u0130K Purus quam nisl faucibus tortor ac felis vestibulum sem. Sed eget aliquamnullam sit id mi. Kolayl\u0131k sa\u011flamak i\u00e7in daha \u00f6zg\u00fcr olman\u0131z\u0131 sa\u011flar. Cras pulvinar purus urna turpis leo dolor cursus. Houseonus Binas\u0131 Amet tam say\u0131 olarak ut&#039;u vulputate eder. Ut quis libero consectetur pretium Varius. Rhoncus ve vulputate pretium senectus tristique. projeyi g\u00f6r\u00fcnt\u00fcle<\/p>","protected":false},"author":1,"featured_media":0,"parent":0,"menu_order":0,"comment_status":"closed","ping_status":"closed","template":"","meta":{"googlesitekit_rrm_CAowl6XZCw:productID":"","_breakdance_hide_in_design_set":false,"_breakdance_tags":"","footnotes":""},"class_list":["post-2013","page","type-page","status-publish","hentry"],"_links":{"self":[{"href":"https:\/\/peekmaterials.com\/tr\/wp-json\/wp\/v2\/pages\/2013","targetHints":{"allow":["GET"]}}],"collection":[{"href":"https:\/\/peekmaterials.com\/tr\/wp-json\/wp\/v2\/pages"}],"about":[{"href":"https:\/\/peekmaterials.com\/tr\/wp-json\/wp\/v2\/types\/page"}],"author":[{"embeddable":true,"href":"https:\/\/peekmaterials.com\/tr\/wp-json\/wp\/v2\/users\/1"}],"replies":[{"embeddable":true,"href":"https:\/\/peekmaterials.com\/tr\/wp-json\/wp\/v2\/comments?post=2013"}],"version-history":[{"count":5,"href":"https:\/\/peekmaterials.com\/tr\/wp-json\/wp\/v2\/pages\/2013\/revisions"}],"predecessor-version":[{"id":2018,"href":"https:\/\/peekmaterials.com\/tr\/wp-json\/wp\/v2\/pages\/2013\/revisions\/2018"}],"wp:attachment":[{"href":"https:\/\/peekmaterials.com\/tr\/wp-json\/wp\/v2\/media?parent=2013"}],"curies":[{"name":"wp","href":"https:\/\/api.w.org\/{rel}","templated":true}]}}