{"id":2772,"date":"2025-09-22T08:57:18","date_gmt":"2025-09-22T08:57:18","guid":{"rendered":"https:\/\/peekmaterials.com\/?page_id=2772"},"modified":"2025-09-22T08:57:21","modified_gmt":"2025-09-22T08:57:21","slug":"bucha-de-espiada","status":"publish","type":"page","link":"https:\/\/peekmaterials.com\/pt_pt\/espiar-partes\/bucha-de-espiada\/","title":{"rendered":"Bucha PEEK"},"content":{"rendered":"<section class=\"bde-section-2772-100 bde-section\">\n  \n\t\n\n\n\n<div class=\"section-container\"><div class=\"bde-columns-2772-101 bde-columns\"><div class=\"bde-column-2772-102 bde-column\">\n  \n\t\n\n\n\n<div class=\"bde-image-2772-103 bde-image\">\n<figure class=\"breakdance-image breakdance-image--622\">\n\t<div class=\"breakdance-image-container\">\n\t\t<div class=\"breakdance-image-clip\"><img loading=\"lazy\" decoding=\"async\" class=\"breakdance-image-object\" src=\"https:\/\/peekmaterials.com\/wp-content\/uploads\/2024\/06\/plastic-bushings-electrical.webp\" width=\"900\" height=\"600\" srcset=\"https:\/\/peekmaterials.com\/wp-content\/uploads\/2024\/06\/plastic-bushings-electrical.webp 900w, https:\/\/peekmaterials.com\/wp-content\/uploads\/2024\/06\/plastic-bushings-electrical-300x200.webp 300w, https:\/\/peekmaterials.com\/wp-content\/uploads\/2024\/06\/plastic-bushings-electrical-768x512.webp 768w, https:\/\/peekmaterials.com\/wp-content\/uploads\/2024\/06\/plastic-bushings-electrical-18x12.webp 18w\" sizes=\"auto, (max-width: 900px) 100vw, 900px\" alt=\"buchas pl\u00e1sticas el\u00e9tricas\"><\/div>\n\t<\/div><\/figure>\n\n<\/div>\n<\/div><div class=\"bde-column-2772-104 bde-column\">\n  \n\t\n\n\n\n<h1 class=\"bde-heading-2772-105 bde-heading\">\nBuchas PEEK\n<\/h1><div class=\"bde-text-2772-106 bde-text\">\nBuchas PEEK (buchas de polieteretercetona)<br>Este \u00e9 um tipo de bucha feita de pl\u00e1stico de engenharia Peek por moldagem por inje\u00e7\u00e3o ou usinagem CNC.<br>A principal fun\u00e7\u00e3o \u00e9 fixar e reduzir o atrito e o desgaste quando o eixo se move.\n<\/div><div class=\"bde-text-2772-107 bde-text\">\nA polieteretercetona \u00e9 um termopl\u00e1stico semicristalino com resist\u00eancia a altas temperaturas, autolubrifica\u00e7\u00e3o, f\u00e1cil processamento, alta resist\u00eancia \u00e0 tra\u00e7\u00e3o, rigidez, boa resist\u00eancia \u00e0 abras\u00e3o, baixo coeficiente de atrito, excelente resist\u00eancia qu\u00edmica e baix\u00edssima absor\u00e7\u00e3o de umidade, o que o torna especialmente adequado para processamento de buchas para reduzir o atrito e o desgaste.\n<\/div><div class=\"bde-fancy-divider-2772-108 bde-fancy-divider\">\n\n\n<div class=\"bde-fancy-divider__wrapper\">\n  <div class=\"bde-fancy-divider__separator\">\n  \t  <\/div>\n<\/div>\n\n<\/div>\n<\/div><\/div><\/div>\n<\/section><section class=\"bde-section-2772-109 bde-section\">\n  \n\t\n\n\n\n<div class=\"section-container\"><div class=\"bde-columns-2772-110 bde-columns\"><div class=\"bde-column-2772-111 bde-column\">\n  \n\t\n\n\n\n<h2 class=\"bde-heading-2772-112 bde-heading\">\nDetalhes das buchas PEEK\n<\/h2><div class=\"bde-rich-text-2772-113 bde-rich-text breakdance-rich-text-styles\">\n<ul>\n<li><strong>Cor:<\/strong>bege ou preto<\/li>\n<li><strong>Di\u00e2metro interno:<\/strong>\u00a0di\u00e2metro 28mm a 100mm<\/li>\n<li><strong>Di\u00e2metro externo:<\/strong>\u00a0di\u00e2metro 60mm a 130mm<\/li>\n<li><strong>Tampa de carga:<\/strong>\u00a060rpm-120rpm<\/li>\n<li><strong>Comprimento:<\/strong>\u00a0de acordo com suas necessidades<\/li>\n<li><strong>For\u00e7a:<\/strong>\u00a0116 MPa<\/li>\n<li><strong>Densidade:<\/strong>\u00a01,32g\/cm3<\/li>\n<\/ul>\n<\/div>\n<\/div><div class=\"bde-column-2772-116 bde-column\">\n  \n\t\n\n\n\n<img decoding=\"async\" class=\"bde-image2-2772-117 bde-image2\" src=\"https:\/\/peekmaterials.com\/wp-content\/uploads\/2024\/06\/plastic-bushing-768x512.webp\" alt=\"bucha de pl\u00e1stico\" srcset=\"https:\/\/peekmaterials.com\/wp-content\/uploads\/2024\/06\/plastic-bushing-768x512.webp 768w, https:\/\/peekmaterials.com\/wp-content\/uploads\/2024\/06\/plastic-bushing-300x200.webp 300w, https:\/\/peekmaterials.com\/wp-content\/uploads\/2024\/06\/plastic-bushing-18x12.webp 18w\" sizes=\"(max-width: 768px) 100vw, 768px\"><\/img>\n<\/div><\/div><\/div>\n<\/section><section class=\"bde-section-2772-118 bde-section\">\n  \n\t\n\n\n\n<div class=\"section-container\"><div class=\"bde-columns-2772-119 bde-columns\"><div class=\"bde-column-2772-120 bde-column\">\n  \n\t\n\n\n\n<img decoding=\"async\" class=\"bde-image2-2772-121 bde-image2\" src=\"https:\/\/peekmaterials.com\/wp-content\/uploads\/2024\/06\/peek-sleeve.webp\" alt=\"espreitar a manga do veio\" loading=\"lazy\" srcset=\"https:\/\/peekmaterials.com\/wp-content\/uploads\/2024\/06\/peek-sleeve.webp 900w, https:\/\/peekmaterials.com\/wp-content\/uploads\/2024\/06\/peek-sleeve-300x200.webp 300w, https:\/\/peekmaterials.com\/wp-content\/uploads\/2024\/06\/peek-sleeve-768x512.webp 768w, https:\/\/peekmaterials.com\/wp-content\/uploads\/2024\/06\/peek-sleeve-18x12.webp 18w\" sizes=\"(max-width: 900px) 100vw, 900px\"><\/img>\n<\/div><div class=\"bde-column-2772-122 bde-column\">\n  \n\t\n\n\n\n<h3 class=\"bde-heading-2772-123 bde-heading\">\nVantagens da bucha PEEK\n<\/h3><div class=\"bde-checkmark-list-2772-181 bde-checkmark-list\">\n<ul>\n  \n              \n              \n    <li>\n      <span class='bde-checkmark-list__icon bde-checkmark-list__icon_yes  bg-yes'>\n                  <svg xmlns=\"http:\/\/www.w3.org\/2000\/svg\" viewbox=\"0 0 24 24\"><path d=\"M18.71,7.21a1,1,0,0,0-1.42,0L9.84,14.67,6.71,11.53A1,1,0,1,0,5.29,13l3.84,3.84a1,1,0,0,0,1.42,0l8.16-8.16A1,1,0,0,0,18.71,7.21Z\"\/><\/svg>\n              <\/span>\n      <div >\n        Autolubrificante\n      <\/div>\n\n    <\/li>\n\n  \n              \n              \n    <li>\n      <span class='bde-checkmark-list__icon bde-checkmark-list__icon_yes  bg-yes'>\n                  <svg xmlns=\"http:\/\/www.w3.org\/2000\/svg\" viewbox=\"0 0 24 24\"><path d=\"M18.71,7.21a1,1,0,0,0-1.42,0L9.84,14.67,6.71,11.53A1,1,0,1,0,5.29,13l3.84,3.84a1,1,0,0,0,1.42,0l8.16-8.16A1,1,0,0,0,18.71,7.21Z\"\/><\/svg>\n              <\/span>\n      <div >\n        Baixo coeficiente de atrito\n      <\/div>\n\n    <\/li>\n\n  \n              \n              \n    <li>\n      <span class='bde-checkmark-list__icon bde-checkmark-list__icon_yes  bg-yes'>\n                  <svg xmlns=\"http:\/\/www.w3.org\/2000\/svg\" viewbox=\"0 0 24 24\"><path d=\"M18.71,7.21a1,1,0,0,0-1.42,0L9.84,14.67,6.71,11.53A1,1,0,1,0,5.29,13l3.84,3.84a1,1,0,0,0,1.42,0l8.16-8.16A1,1,0,0,0,18.71,7.21Z\"\/><\/svg>\n              <\/span>\n      <div >\n        Alta capacidade de carga\n      <\/div>\n\n    <\/li>\n\n  \n              \n              \n    <li>\n      <span class='bde-checkmark-list__icon bde-checkmark-list__icon_yes  bg-yes'>\n                  <svg xmlns=\"http:\/\/www.w3.org\/2000\/svg\" viewbox=\"0 0 24 24\"><path d=\"M18.71,7.21a1,1,0,0,0-1.42,0L9.84,14.67,6.71,11.53A1,1,0,1,0,5.29,13l3.84,3.84a1,1,0,0,0,1.42,0l8.16-8.16A1,1,0,0,0,18.71,7.21Z\"\/><\/svg>\n              <\/span>\n      <div >\n        Prote\u00e7\u00e3o contra corros\u00e3o\n      <\/div>\n\n    <\/li>\n\n  \n              \n              \n    <li>\n      <span class='bde-checkmark-list__icon bde-checkmark-list__icon_yes  bg-yes'>\n                  <svg xmlns=\"http:\/\/www.w3.org\/2000\/svg\" viewbox=\"0 0 24 24\"><path d=\"M18.71,7.21a1,1,0,0,0-1.42,0L9.84,14.67,6.71,11.53A1,1,0,1,0,5.29,13l3.84,3.84a1,1,0,0,0,1.42,0l8.16-8.16A1,1,0,0,0,18.71,7.21Z\"\/><\/svg>\n              <\/span>\n      <div >\n        Baixa taxa de desgaste\n      <\/div>\n\n    <\/li>\n\n  \n              \n              \n    <li>\n      <span class='bde-checkmark-list__icon bde-checkmark-list__icon_yes  bg-yes'>\n                  <svg xmlns=\"http:\/\/www.w3.org\/2000\/svg\" viewbox=\"0 0 24 24\"><path d=\"M18.71,7.21a1,1,0,0,0-1.42,0L9.84,14.67,6.71,11.53A1,1,0,1,0,5.29,13l3.84,3.84a1,1,0,0,0,1.42,0l8.16-8.16A1,1,0,0,0,18.71,7.21Z\"\/><\/svg>\n              <\/span>\n      <div >\n        Deslizamento reduzido\n      <\/div>\n\n    <\/li>\n\n  \n              \n              \n    <li>\n      <span class='bde-checkmark-list__icon bde-checkmark-list__icon_yes  bg-yes'>\n                  <svg xmlns=\"http:\/\/www.w3.org\/2000\/svg\" viewbox=\"0 0 24 24\"><path d=\"M18.71,7.21a1,1,0,0,0-1.42,0L9.84,14.67,6.71,11.53A1,1,0,1,0,5.29,13l3.84,3.84a1,1,0,0,0,1.42,0l8.16-8.16A1,1,0,0,0,18.71,7.21Z\"\/><\/svg>\n              <\/span>\n      <div >\n        Estabilidade dimensional\n      <\/div>\n\n    <\/li>\n\n  <\/ul>\n\n<\/div>\n<\/div><\/div><\/div>\n<\/section><section class=\"bde-section-2772-165 bde-section\">\n  \n\t\n\n\n\n<div class=\"section-container\"><div class=\"bde-columns-2772-166 bde-columns\"><div class=\"bde-column-2772-167 bde-column\">\n  \n\t\n\n\n\n<h3 class=\"bde-heading-2772-168 bde-heading\">\nProblemas e solu\u00e7\u00f5es em nossa produ\u00e7\u00e3o de pe\u00e7as PEEK\n<\/h3><div class=\"bde-rich-text-2772-169 bde-rich-text breakdance-rich-text-styles\">\n<p>As formas mais comuns de produtos PEEK s\u00e3o\u00a0<a href=\"https:\/\/peekmaterials.com\/pt_pt\/espiar-partes\/anel-de-espiada\/\" data-wplink-edit=\"true\"><strong>An\u00e9is de veda\u00e7\u00e3o em PEEK<\/strong><\/a>,\u00a0<strong>Rolamento PEEK<\/strong>, buchas de eixo e assim por diante. As buchas PEEK de tamanho grande, paredes finas e comprimento elevado s\u00e3o dif\u00edceis de processar devido \u00e0 facilidade de deforma\u00e7\u00e3o de fixa\u00e7\u00e3o, vibra\u00e7\u00e3o da faca e outros problemas no processo de usinagem.<\/p>\n<\/div>\n<\/div><div class=\"bde-column-2772-170 bde-column\">\n  \n\t\n\n\n\n<img decoding=\"async\" class=\"bde-image2-2772-171 bde-image2\" src=\"https:\/\/peekmaterials.com\/wp-content\/uploads\/2024\/06\/plastic-bushing-768x512.webp\" alt=\"bucha de pl\u00e1stico\" srcset=\"https:\/\/peekmaterials.com\/wp-content\/uploads\/2024\/06\/plastic-bushing-768x512.webp 768w, https:\/\/peekmaterials.com\/wp-content\/uploads\/2024\/06\/plastic-bushing-300x200.webp 300w, https:\/\/peekmaterials.com\/wp-content\/uploads\/2024\/06\/plastic-bushing-18x12.webp 18w\" sizes=\"(max-width: 768px) 100vw, 768px\"><\/img>\n<\/div><\/div><\/div>\n<\/section><section class=\"bde-section-2772-148 bde-section\">\n  \n\t\n\n\n\n<div class=\"section-container\"><div class=\"bde-fancy-divider-2772-149 bde-fancy-divider\">\n\n\n<div class=\"bde-fancy-divider__wrapper\">\n  <div class=\"bde-fancy-divider__separator\">\n  \t  <\/div>\n<\/div>\n\n<\/div><div class=\"bde-fancy-divider-2772-150 bde-fancy-divider\">\n\n\n<div class=\"bde-fancy-divider__wrapper\">\n  <div class=\"bde-fancy-divider__separator\">\n  \t  <\/div>\n<\/div>\n\n<\/div><div class=\"bde-columns-2772-151 bde-columns\"><div class=\"bde-column-2772-152 bde-column\">\n  \n\t\n\n\n\n<h3 class=\"bde-heading-2772-153 bde-heading\">\nBuchas de luva PEEK OEM\/ODM\n<\/h3><div class=\"bde-text-2772-182 bde-text\">\nA BW\u00ae tem uma oficina CNC com quase 15 tipos de equipamentos de usinagem, incluindo usinagem CNC, tornos de instrumenta\u00e7\u00e3o manual, furadeiras, retificadoras centerless, retifica\u00e7\u00e3o dupla face, retifica\u00e7\u00e3o unilateral e assim por diante.\n<\/div><div class=\"bde-text-2772-183 bde-text\">\nPara melhorar a efici\u00eancia do processamento, uma variedade de pe\u00e7as utiliza equipamentos automatizados para fixa\u00e7\u00e3o autom\u00e1tica, para atingir produ\u00e7\u00e3o ininterrupta 24 horas por dia, para garantir alta qualidade e produ\u00e7\u00e3o eficiente de pe\u00e7as do produto.\n<\/div><div class=\"bde-text-2772-184 bde-text\">\nBW\u00ae, estamos sempre pesquisando e aperfei\u00e7oando nossos equipamentos e processos existentes, introduzindo tecnologia avan\u00e7ada internacional e fazendo melhorias inovadoras para atender \u00e0s exig\u00eancias do mercado em termos de funcionalidade, confiabilidade e seguran\u00e7a.\n<\/div><div class=\"bde-image-2772-155 bde-image\">\n<figure class=\"breakdance-image breakdance-image--619\">\n\t<div class=\"breakdance-image-container\">\n\t\t<div class=\"breakdance-image-clip\"><img loading=\"lazy\" decoding=\"async\" class=\"breakdance-image-object\" src=\"https:\/\/peekmaterials.com\/wp-content\/uploads\/2024\/06\/peek-bushings.webp\" width=\"900\" height=\"600\" srcset=\"https:\/\/peekmaterials.com\/wp-content\/uploads\/2024\/06\/peek-bushings.webp 900w, https:\/\/peekmaterials.com\/wp-content\/uploads\/2024\/06\/peek-bushings-300x200.webp 300w, https:\/\/peekmaterials.com\/wp-content\/uploads\/2024\/06\/peek-bushings-768x512.webp 768w, https:\/\/peekmaterials.com\/wp-content\/uploads\/2024\/06\/peek-bushings-18x12.webp 18w\" sizes=\"auto, (max-width: 900px) 100vw, 900px\" alt=\"espiar buchas\"><\/div>\n\t<\/div><\/figure>\n\n<\/div>\n<\/div><div class=\"bde-column-2772-156 bde-column\">\n  \n\t\n\n\n\n<h3 class=\"bde-dual-heading-2772-157 bde-dual-heading\">\n\n\n            <span data-style=\"primary\" class=\"dual-heading--primary\">Adquira j\u00e1 suas buchas de manga PEEK!<\/span>\n\n\n\n<\/h3><div class=\"bde-form-builder-2772-158 bde-form-builder\">\n\n\n<form id=\"contact-form158\" class=\"breakdance-form breakdance-form--vertical\" data-options=\"{&quot;slug&quot;:&quot;custom&quot;,&quot;name&quot;:&quot;Contact Form&quot;,&quot;ajaxUrl&quot;:&quot;https:\\\/\\\/peekmaterials.com\\\/wp-admin\\\/admin-ajax.php&quot;,&quot;clearOnSuccess&quot;:true,&quot;hideOnSuccess&quot;:false,&quot;successMessage&quot;:&quot;The form was submitted successfully.&quot;,&quot;errorMessage&quot;:&quot;Something went wrong.&quot;,&quot;redirect&quot;:false,&quot;redirectUrl&quot;:&quot;&quot;,&quot;customJavaScript&quot;:&quot;&quot;,&quot;recaptcha&quot;:{&quot;key&quot;:&quot;&quot;,&quot;enabled&quot;:false},&quot;honeypot_enabled&quot;:false,&quot;popupsOnSuccess&quot;:[],&quot;popupsOnError&quot;:[]}\" data-steps=\"0\" action=\"\" >\n  \n  \n  \n<div class=\"breakdance-form-field breakdance-form-field--text\" >\n    \n    \n            <label class=\"breakdance-form-field__label\" for=\"name\">\n            Primeiro nome<span class=\"breakdance-form-field__required\">*<\/span>\n        <\/label>\n    \n    <input\n    class=\"breakdance-form-field__input\"\n    id=\"name\"\n    aria-describedby=\"name\"\n    type=\"text\"\n    name=\"fields[name]\"\n    placeholder=\"Digite seu primeiro nome\"\n    value=\"\"\n                \n        \n        \n    required\n>\n\n\n    \n    \n<\/div>\n\n\n<div class=\"breakdance-form-field breakdance-form-field--text\" >\n    \n    \n            <label class=\"breakdance-form-field__label\" for=\"hhfcby\">\n            Sobrenome<span class=\"breakdance-form-field__required\">*<\/span>\n        <\/label>\n    \n    <input\n    class=\"breakdance-form-field__input\"\n    id=\"hhfcby\"\n    aria-describedby=\"hhfcby\"\n    type=\"text\"\n    name=\"fields[hhfcby]\"\n    placeholder=\"Digite seu sobrenome\"\n    value=\"\"\n                \n        \n        \n    required\n>\n\n\n    \n    \n<\/div>\n\n\n<div class=\"breakdance-form-field breakdance-form-field--email\" >\n    \n    \n            <label class=\"breakdance-form-field__label\" for=\"email\">\n            Endere\u00e7o de email<span class=\"breakdance-form-field__required\">*<\/span>\n        <\/label>\n    \n    <input\n    class=\"breakdance-form-field__input\"\n    id=\"email\"\n    aria-describedby=\"email\"\n    type=\"email\"\n    name=\"fields[email]\"\n    placeholder=\"Insira seu e-mail\"\n    value=\"\"\n                \n        \n        \n    required\n>\n\n\n    \n    \n<\/div>\n\n\n<div class=\"breakdance-form-field breakdance-form-field--tel\" >\n    \n    \n            <label class=\"breakdance-form-field__label\" for=\"vlpzhz\">\n            N\u00famero de telefone<span class=\"breakdance-form-field__required\">*<\/span>\n        <\/label>\n    \n    <input\n    class=\"breakdance-form-field__input\"\n    id=\"vlpzhz\"\n    aria-describedby=\"vlpzhz\"\n    type=\"tel\"\n    name=\"fields[vlpzhz]\"\n    placeholder=\"Digite seu telefone\"\n    value=\"\"\n                \n        \n        \n    required\n>\n\n\n    \n    \n<\/div>\n\n\n<div class=\"breakdance-form-field breakdance-form-field--textarea\" >\n    \n    \n            <label class=\"breakdance-form-field__label\" for=\"message\">\n            Mensagem\n        <\/label>\n    \n    <textarea\n    class=\"breakdance-form-field__input\"\n    id=\"message\"\n    aria-describedby=\"message\"\n    type=\"textarea\"\n    name=\"fields[message]\"\n        placeholder=\"Escreva sua mensagem aqui...\"\n    \n    >\n<\/textarea>\n\n\n    \n    \n<\/div>\n\n\n  \n\n<div class=\"breakdance-form-field breakdance-form-footer\">\n    \n    \n                                    \n    \n    \n    \n    \n            \n            <button type=\"submit\" class=\"button-atom button-atom--primary breakdance-form-button breakdance-form-button__submit\"  >\n    \n        <span class=\"button-atom__text\">fumar<\/span>\n\n        \n        \n            <\/button>\n    \n    <input type=\"hidden\" name=\"form_id\" value=\"158\">\n    <input type=\"hidden\" name=\"post_id\" value=\"2772\">\n<\/div>\n\n  \n<input type=\"hidden\" name=\"trp-form-language\" value=\"pt_pt\"\/><\/form>\n\n\n\n<\/div>\n<\/div><\/div><\/div>\n<\/section><section class=\"bde-section-2772-159 bde-section\">\n  \n\t\n\n\n\n<div class=\"section-container\"><h3 class=\"bde-heading-2772-160 bde-heading\">\nProdutos relacionados\n<\/h3><div class=\"bde-div-2772-161 bde-div\">\n  \n\t\n\n\n\n<div class=\"bde-image-hover-card-2772-162 bde-image-hover-card\">\n           \n            \n            \n\n    \n    \n    \n    \n    \n    <a class=\"breakdance-link\" href=\"https:\/\/peekmaterials.com\/pt_pt\/espiar-formularios\/filamentos-peek\/\" target=\"_self\" data-type=\"url\"  >\n\n<figure class=\"ee-imagehover c4-izmir c4-border-bottom-left c4-image-zoom-in\">\n    <img loading=\"lazy\" decoding=\"async\" class=\"breakdance-image-object\" src=\"https:\/\/peekmaterials.com\/wp-content\/uploads\/2025\/03\/3d-filament.webp\" width=\"500\" height=\"500\" srcset=\"https:\/\/peekmaterials.com\/wp-content\/uploads\/2025\/03\/3d-filament.webp 500w, https:\/\/peekmaterials.com\/wp-content\/uploads\/2025\/03\/3d-filament-300x300.webp 300w, https:\/\/peekmaterials.com\/wp-content\/uploads\/2025\/03\/3d-filament-150x150.webp 150w, https:\/\/peekmaterials.com\/wp-content\/uploads\/2025\/03\/3d-filament-12x12.webp 12w\" sizes=\"auto, (max-width: 500px) 100vw, 500px\" alt=\"\">\n  <figcaption class=\"c4-layout-bottom-left\">\n                <div class=\"c4-reveal-right c4-delay-100\">\n              <h4 class=\"ee-imagehover-title\">FILAMENTO PEEK<\/h4>\n      <\/div>\n      <\/figcaption>\n<\/figure>\n      <\/a>\n\n<\/div><div class=\"bde-image-hover-card-2772-163 bde-image-hover-card\">\n           \n            \n            \n\n    \n    \n    \n    \n    \n    <a class=\"breakdance-link\" href=\"https:\/\/peekmaterials.com\/pt_pt\/espiar-formularios\/espiar-tubo\/\" target=\"_self\" data-type=\"url\"  >\n\n<figure class=\"ee-imagehover c4-izmir c4-border-bottom-left c4-image-zoom-in\">\n    <img loading=\"lazy\" decoding=\"async\" class=\"breakdance-image-object\" src=\"https:\/\/peekmaterials.com\/wp-content\/uploads\/2025\/02\/PEEK-TUBES.webp\" width=\"500\" height=\"500\" srcset=\"https:\/\/peekmaterials.com\/wp-content\/uploads\/2025\/02\/PEEK-TUBES.webp 500w, https:\/\/peekmaterials.com\/wp-content\/uploads\/2025\/02\/PEEK-TUBES-300x300.webp 300w, https:\/\/peekmaterials.com\/wp-content\/uploads\/2025\/02\/PEEK-TUBES-150x150.webp 150w, https:\/\/peekmaterials.com\/wp-content\/uploads\/2025\/02\/PEEK-TUBES-12x12.webp 12w\" sizes=\"auto, (max-width: 500px) 100vw, 500px\" alt=\"\">\n  <figcaption class=\"c4-layout-bottom-left\">\n                <div class=\"c4-reveal-right c4-delay-100\">\n              <h4 class=\"ee-imagehover-title\">Tubo PEEK<\/h4>\n      <\/div>\n      <\/figcaption>\n<\/figure>\n      <\/a>\n\n<\/div><div class=\"bde-image-hover-card-2772-164 bde-image-hover-card\">\n           \n            \n            \n\n    \n    \n    \n    \n    \n    <a class=\"breakdance-link\" href=\"https:\/\/peekmaterials.com\/pt_pt\/espiar-formularios\/folha-de-espiada\/\" target=\"_self\" data-type=\"url\"  >\n\n<figure class=\"ee-imagehover c4-izmir c4-border-bottom-left c4-image-zoom-in\">\n    <img loading=\"lazy\" decoding=\"async\" class=\"breakdance-image-object\" src=\"https:\/\/peekmaterials.com\/wp-content\/uploads\/2024\/11\/PEEK-Thermo-Plastic-Sheets.webp\" width=\"1080\" height=\"1080\" srcset=\"https:\/\/peekmaterials.com\/wp-content\/uploads\/2024\/11\/PEEK-Thermo-Plastic-Sheets.webp 1080w, https:\/\/peekmaterials.com\/wp-content\/uploads\/2024\/11\/PEEK-Thermo-Plastic-Sheets-300x300.webp 300w, https:\/\/peekmaterials.com\/wp-content\/uploads\/2024\/11\/PEEK-Thermo-Plastic-Sheets-1024x1024.webp 1024w, https:\/\/peekmaterials.com\/wp-content\/uploads\/2024\/11\/PEEK-Thermo-Plastic-Sheets-150x150.webp 150w, https:\/\/peekmaterials.com\/wp-content\/uploads\/2024\/11\/PEEK-Thermo-Plastic-Sheets-768x768.webp 768w, https:\/\/peekmaterials.com\/wp-content\/uploads\/2024\/11\/PEEK-Thermo-Plastic-Sheets-12x12.webp 12w\" sizes=\"auto, (max-width: 1080px) 100vw, 1080px\" alt=\"Folhas termopl\u00e1sticas de PEEK\">\n  <figcaption class=\"c4-layout-bottom-left\">\n                <div class=\"c4-reveal-right c4-delay-100\">\n              <h4 class=\"ee-imagehover-title\">Folha PEEK<\/h4>\n      <\/div>\n      <\/figcaption>\n<\/figure>\n      <\/a>\n\n<\/div>\n<\/div><\/div>\n<\/section>","protected":false},"excerpt":{"rendered":"<p>Buchas PEEK Buchas PEEK (buchas de polieteretercetona) Este \u00e9 um tipo de bucha feita de pl\u00e1stico de engenharia Peek por moldagem por inje\u00e7\u00e3o ou usinagem CNC. Sua principal fun\u00e7\u00e3o \u00e9 fixar e reduzir o atrito e o desgaste quando o eixo se move. A polieteretercetona \u00e9 um termopl\u00e1stico semicristalino com alta resist\u00eancia \u00e0 temperatura, autolubrifica\u00e7\u00e3o, f\u00e1cil processamento, alta resist\u00eancia \u00e0 tra\u00e7\u00e3o, rigidez, boa [\u2026]<\/p>","protected":false},"author":1,"featured_media":622,"parent":2503,"menu_order":0,"comment_status":"closed","ping_status":"closed","template":"","meta":{"googlesitekit_rrm_CAowl6XZCw:productID":"","_breakdance_hide_in_design_set":false,"_breakdance_tags":"","footnotes":""},"class_list":["post-2772","page","type-page","status-publish","has-post-thumbnail","hentry"],"_links":{"self":[{"href":"https:\/\/peekmaterials.com\/pt_pt\/wp-json\/wp\/v2\/pages\/2772","targetHints":{"allow":["GET"]}}],"collection":[{"href":"https:\/\/peekmaterials.com\/pt_pt\/wp-json\/wp\/v2\/pages"}],"about":[{"href":"https:\/\/peekmaterials.com\/pt_pt\/wp-json\/wp\/v2\/types\/page"}],"author":[{"embeddable":true,"href":"https:\/\/peekmaterials.com\/pt_pt\/wp-json\/wp\/v2\/users\/1"}],"replies":[{"embeddable":true,"href":"https:\/\/peekmaterials.com\/pt_pt\/wp-json\/wp\/v2\/comments?post=2772"}],"version-history":[{"count":8,"href":"https:\/\/peekmaterials.com\/pt_pt\/wp-json\/wp\/v2\/pages\/2772\/revisions"}],"predecessor-version":[{"id":2780,"href":"https:\/\/peekmaterials.com\/pt_pt\/wp-json\/wp\/v2\/pages\/2772\/revisions\/2780"}],"up":[{"embeddable":true,"href":"https:\/\/peekmaterials.com\/pt_pt\/wp-json\/wp\/v2\/pages\/2503"}],"wp:featuredmedia":[{"embeddable":true,"href":"https:\/\/peekmaterials.com\/pt_pt\/wp-json\/wp\/v2\/media\/622"}],"wp:attachment":[{"href":"https:\/\/peekmaterials.com\/pt_pt\/wp-json\/wp\/v2\/media?parent=2772"}],"curies":[{"name":"wp","href":"https:\/\/api.w.org\/{rel}","templated":true}]}}