{"id":2772,"date":"2025-09-22T08:57:18","date_gmt":"2025-09-22T08:57:18","guid":{"rendered":"https:\/\/peekmaterials.com\/?page_id=2772"},"modified":"2025-09-22T08:57:21","modified_gmt":"2025-09-22T08:57:21","slug":"bague-de-guidage","status":"publish","type":"page","link":"https:\/\/peekmaterials.com\/fr\/apercu-des-pieces\/bague-de-guidage\/","title":{"rendered":"Bague PEEK"},"content":{"rendered":"<section class=\"bde-section-2772-100 bde-section\">\n  \n\t\n\n\n\n<div class=\"section-container\"><div class=\"bde-columns-2772-101 bde-columns\"><div class=\"bde-column-2772-102 bde-column\">\n  \n\t\n\n\n\n<div class=\"bde-image-2772-103 bde-image\">\n<figure class=\"breakdance-image breakdance-image--622\">\n\t<div class=\"breakdance-image-container\">\n\t\t<div class=\"breakdance-image-clip\"><img loading=\"lazy\" decoding=\"async\" class=\"breakdance-image-object\" src=\"https:\/\/peekmaterials.com\/wp-content\/uploads\/2024\/06\/plastic-bushings-electrical.webp\" width=\"900\" height=\"600\" srcset=\"https:\/\/peekmaterials.com\/wp-content\/uploads\/2024\/06\/plastic-bushings-electrical.webp 900w, https:\/\/peekmaterials.com\/wp-content\/uploads\/2024\/06\/plastic-bushings-electrical-300x200.webp 300w, https:\/\/peekmaterials.com\/wp-content\/uploads\/2024\/06\/plastic-bushings-electrical-768x512.webp 768w, https:\/\/peekmaterials.com\/wp-content\/uploads\/2024\/06\/plastic-bushings-electrical-18x12.webp 18w\" sizes=\"auto, (max-width: 900px) 100vw, 900px\" alt=\"bagues en plastique \u00e9lectriques\"><\/div>\n\t<\/div><\/figure>\n\n<\/div>\n<\/div><div class=\"bde-column-2772-104 bde-column\">\n  \n\t\n\n\n\n<h1 class=\"bde-heading-2772-105 bde-heading\">\nBagues PEEK\n<\/h1><div class=\"bde-text-2772-106 bde-text\">\nBagues PEEK (baguettes en poly\u00e9ther\u00e9therc\u00e9tone)<br>Il s&#039;agit d&#039;une sorte de bagues fabriqu\u00e9es \u00e0 partir de plastiques techniques Peek par moulage par injection ou usinage CNC.<br>La fonction principale est de fixer et de r\u00e9duire la friction et l&#039;usure lorsque l&#039;arbre se d\u00e9place.\n<\/div><div class=\"bde-text-2772-107 bde-text\">\nLe poly\u00e9ther\u00e9therc\u00e9tone est un thermoplastique semi-cristallin avec une r\u00e9sistance \u00e0 haute temp\u00e9rature, une autolubrification, un traitement facile, une r\u00e9sistance \u00e0 la traction \u00e9lev\u00e9e, une rigidit\u00e9, une bonne r\u00e9sistance \u00e0 l&#039;abrasion, un faible coefficient de frottement, une excellente r\u00e9sistance chimique et une tr\u00e8s faible absorption d&#039;humidit\u00e9, ce qui le rend particuli\u00e8rement adapt\u00e9 pour traiter les bagues pour r\u00e9duire la friction et l\u2019usure.\n<\/div><div class=\"bde-fancy-divider-2772-108 bde-fancy-divider\">\n\n\n<div class=\"bde-fancy-divider__wrapper\">\n  <div class=\"bde-fancy-divider__separator\">\n  \t  <\/div>\n<\/div>\n\n<\/div>\n<\/div><\/div><\/div>\n<\/section><section class=\"bde-section-2772-109 bde-section\">\n  \n\t\n\n\n\n<div class=\"section-container\"><div class=\"bde-columns-2772-110 bde-columns\"><div class=\"bde-column-2772-111 bde-column\">\n  \n\t\n\n\n\n<h2 class=\"bde-heading-2772-112 bde-heading\">\nD\u00e9tails des bagues PEEK\n<\/h2><div class=\"bde-rich-text-2772-113 bde-rich-text breakdance-rich-text-styles\">\n<ul>\n<li><strong>Couleur:<\/strong>beige ou noir<\/li>\n<li><strong>Diam\u00e8tre int\u00e9rieur:<\/strong>\u00a0diam\u00e8tre 28mm \u00e0 100mm<\/li>\n<li><strong>Diam\u00e8tre ext\u00e9rieur:<\/strong>\u00a0diam\u00e8tre 60mm \u00e0 130mm<\/li>\n<li><strong>Plafond de charge\u00a0:<\/strong>\u00a060 tr\/min-120 tr\/min<\/li>\n<li><strong>Longueur:<\/strong>\u00a0selon vos exigences<\/li>\n<li><strong>Force:<\/strong>\u00a0116MPa<\/li>\n<li><strong>Densit\u00e9:<\/strong>\u00a01,32 g\/cm3<\/li>\n<\/ul>\n<\/div>\n<\/div><div class=\"bde-column-2772-116 bde-column\">\n  \n\t\n\n\n\n<img decoding=\"async\" class=\"bde-image2-2772-117 bde-image2\" src=\"https:\/\/peekmaterials.com\/wp-content\/uploads\/2024\/06\/plastic-bushing-768x512.webp\" alt=\"bague en plastique\" srcset=\"https:\/\/peekmaterials.com\/wp-content\/uploads\/2024\/06\/plastic-bushing-768x512.webp 768w, https:\/\/peekmaterials.com\/wp-content\/uploads\/2024\/06\/plastic-bushing-300x200.webp 300w, https:\/\/peekmaterials.com\/wp-content\/uploads\/2024\/06\/plastic-bushing-18x12.webp 18w\" sizes=\"(max-width: 768px) 100vw, 768px\"><\/img>\n<\/div><\/div><\/div>\n<\/section><section class=\"bde-section-2772-118 bde-section\">\n  \n\t\n\n\n\n<div class=\"section-container\"><div class=\"bde-columns-2772-119 bde-columns\"><div class=\"bde-column-2772-120 bde-column\">\n  \n\t\n\n\n\n<img decoding=\"async\" class=\"bde-image2-2772-121 bde-image2\" src=\"https:\/\/peekmaterials.com\/wp-content\/uploads\/2024\/06\/peek-sleeve.webp\" alt=\"manchon de l&#039;arbre \u00e0 poireaux\" loading=\"lazy\" srcset=\"https:\/\/peekmaterials.com\/wp-content\/uploads\/2024\/06\/peek-sleeve.webp 900w, https:\/\/peekmaterials.com\/wp-content\/uploads\/2024\/06\/peek-sleeve-300x200.webp 300w, https:\/\/peekmaterials.com\/wp-content\/uploads\/2024\/06\/peek-sleeve-768x512.webp 768w, https:\/\/peekmaterials.com\/wp-content\/uploads\/2024\/06\/peek-sleeve-18x12.webp 18w\" sizes=\"(max-width: 900px) 100vw, 900px\"><\/img>\n<\/div><div class=\"bde-column-2772-122 bde-column\">\n  \n\t\n\n\n\n<h3 class=\"bde-heading-2772-123 bde-heading\">\nAvantages des bagues PEEK\n<\/h3><div class=\"bde-checkmark-list-2772-181 bde-checkmark-list\">\n<ul>\n  \n              \n              \n    <li>\n      <span class='bde-checkmark-list__icon bde-checkmark-list__icon_yes  bg-yes'>\n                  <svg xmlns=\"http:\/\/www.w3.org\/2000\/svg\" viewbox=\"0 0 24 24\"><path d=\"M18.71,7.21a1,1,0,0,0-1.42,0L9.84,14.67,6.71,11.53A1,1,0,1,0,5.29,13l3.84,3.84a1,1,0,0,0,1.42,0l8.16-8.16A1,1,0,0,0,18.71,7.21Z\"\/><\/svg>\n              <\/span>\n      <div >\n        Autolubrifiant\n      <\/div>\n\n    <\/li>\n\n  \n              \n              \n    <li>\n      <span class='bde-checkmark-list__icon bde-checkmark-list__icon_yes  bg-yes'>\n                  <svg xmlns=\"http:\/\/www.w3.org\/2000\/svg\" viewbox=\"0 0 24 24\"><path d=\"M18.71,7.21a1,1,0,0,0-1.42,0L9.84,14.67,6.71,11.53A1,1,0,1,0,5.29,13l3.84,3.84a1,1,0,0,0,1.42,0l8.16-8.16A1,1,0,0,0,18.71,7.21Z\"\/><\/svg>\n              <\/span>\n      <div >\n        Faible coefficient de frottement\n      <\/div>\n\n    <\/li>\n\n  \n              \n              \n    <li>\n      <span class='bde-checkmark-list__icon bde-checkmark-list__icon_yes  bg-yes'>\n                  <svg xmlns=\"http:\/\/www.w3.org\/2000\/svg\" viewbox=\"0 0 24 24\"><path d=\"M18.71,7.21a1,1,0,0,0-1.42,0L9.84,14.67,6.71,11.53A1,1,0,1,0,5.29,13l3.84,3.84a1,1,0,0,0,1.42,0l8.16-8.16A1,1,0,0,0,18.71,7.21Z\"\/><\/svg>\n              <\/span>\n      <div >\n        Capacit\u00e9 de charge \u00e9lev\u00e9e\n      <\/div>\n\n    <\/li>\n\n  \n              \n              \n    <li>\n      <span class='bde-checkmark-list__icon bde-checkmark-list__icon_yes  bg-yes'>\n                  <svg xmlns=\"http:\/\/www.w3.org\/2000\/svg\" viewbox=\"0 0 24 24\"><path d=\"M18.71,7.21a1,1,0,0,0-1.42,0L9.84,14.67,6.71,11.53A1,1,0,1,0,5.29,13l3.84,3.84a1,1,0,0,0,1.42,0l8.16-8.16A1,1,0,0,0,18.71,7.21Z\"\/><\/svg>\n              <\/span>\n      <div >\n        Protection contre la corrosion\n      <\/div>\n\n    <\/li>\n\n  \n              \n              \n    <li>\n      <span class='bde-checkmark-list__icon bde-checkmark-list__icon_yes  bg-yes'>\n                  <svg xmlns=\"http:\/\/www.w3.org\/2000\/svg\" viewbox=\"0 0 24 24\"><path d=\"M18.71,7.21a1,1,0,0,0-1.42,0L9.84,14.67,6.71,11.53A1,1,0,1,0,5.29,13l3.84,3.84a1,1,0,0,0,1.42,0l8.16-8.16A1,1,0,0,0,18.71,7.21Z\"\/><\/svg>\n              <\/span>\n      <div >\n        Faible taux d&#039;usure\n      <\/div>\n\n    <\/li>\n\n  \n              \n              \n    <li>\n      <span class='bde-checkmark-list__icon bde-checkmark-list__icon_yes  bg-yes'>\n                  <svg xmlns=\"http:\/\/www.w3.org\/2000\/svg\" viewbox=\"0 0 24 24\"><path d=\"M18.71,7.21a1,1,0,0,0-1.42,0L9.84,14.67,6.71,11.53A1,1,0,1,0,5.29,13l3.84,3.84a1,1,0,0,0,1.42,0l8.16-8.16A1,1,0,0,0,18.71,7.21Z\"\/><\/svg>\n              <\/span>\n      <div >\n        Stick-slip r\u00e9duit\n      <\/div>\n\n    <\/li>\n\n  \n              \n              \n    <li>\n      <span class='bde-checkmark-list__icon bde-checkmark-list__icon_yes  bg-yes'>\n                  <svg xmlns=\"http:\/\/www.w3.org\/2000\/svg\" viewbox=\"0 0 24 24\"><path d=\"M18.71,7.21a1,1,0,0,0-1.42,0L9.84,14.67,6.71,11.53A1,1,0,1,0,5.29,13l3.84,3.84a1,1,0,0,0,1.42,0l8.16-8.16A1,1,0,0,0,18.71,7.21Z\"\/><\/svg>\n              <\/span>\n      <div >\n        Stabilit\u00e9 dimensionnelle\n      <\/div>\n\n    <\/li>\n\n  <\/ul>\n\n<\/div>\n<\/div><\/div><\/div>\n<\/section><section class=\"bde-section-2772-165 bde-section\">\n  \n\t\n\n\n\n<div class=\"section-container\"><div class=\"bde-columns-2772-166 bde-columns\"><div class=\"bde-column-2772-167 bde-column\">\n  \n\t\n\n\n\n<h3 class=\"bde-heading-2772-168 bde-heading\">\nProbl\u00e8mes et solutions dans notre production de pi\u00e8ces PEEK\n<\/h3><div class=\"bde-rich-text-2772-169 bde-rich-text breakdance-rich-text-styles\">\n<p>Les formes les plus courantes de produits PEEK sont\u00a0<a href=\"https:\/\/peekmaterials.com\/fr\/apercu-des-pieces\/anneau-de-coup-doeil\/\" data-wplink-edit=\"true\"><strong>Bagues d&#039;\u00e9tanch\u00e9it\u00e9 en PEEK<\/strong><\/a>,\u00a0<strong>Roulement PEEK<\/strong>, bagues d&#039;arbre et ainsi de suite. Les bagues PEEK de grande taille, \u00e0 paroi mince et de grande longueur sont difficiles \u00e0 traiter en raison de la facilit\u00e9 de d\u00e9formation par serrage, des vibrations du couteau et d&#039;autres probl\u00e8mes li\u00e9s au processus d&#039;usinage.<\/p>\n<\/div>\n<\/div><div class=\"bde-column-2772-170 bde-column\">\n  \n\t\n\n\n\n<img decoding=\"async\" class=\"bde-image2-2772-171 bde-image2\" src=\"https:\/\/peekmaterials.com\/wp-content\/uploads\/2024\/06\/plastic-bushing-768x512.webp\" alt=\"bague en plastique\" srcset=\"https:\/\/peekmaterials.com\/wp-content\/uploads\/2024\/06\/plastic-bushing-768x512.webp 768w, https:\/\/peekmaterials.com\/wp-content\/uploads\/2024\/06\/plastic-bushing-300x200.webp 300w, https:\/\/peekmaterials.com\/wp-content\/uploads\/2024\/06\/plastic-bushing-18x12.webp 18w\" sizes=\"(max-width: 768px) 100vw, 768px\"><\/img>\n<\/div><\/div><\/div>\n<\/section><section class=\"bde-section-2772-148 bde-section\">\n  \n\t\n\n\n\n<div class=\"section-container\"><div class=\"bde-fancy-divider-2772-149 bde-fancy-divider\">\n\n\n<div class=\"bde-fancy-divider__wrapper\">\n  <div class=\"bde-fancy-divider__separator\">\n  \t  <\/div>\n<\/div>\n\n<\/div><div class=\"bde-fancy-divider-2772-150 bde-fancy-divider\">\n\n\n<div class=\"bde-fancy-divider__wrapper\">\n  <div class=\"bde-fancy-divider__separator\">\n  \t  <\/div>\n<\/div>\n\n<\/div><div class=\"bde-columns-2772-151 bde-columns\"><div class=\"bde-column-2772-152 bde-column\">\n  \n\t\n\n\n\n<h3 class=\"bde-heading-2772-153 bde-heading\">\nBagues de manchon de PEEK d&#039;OEM\/ODM\n<\/h3><div class=\"bde-text-2772-182 bde-text\">\nBW\u00ae dispose d&#039;un atelier CNC avec pr\u00e8s de 15 types d&#039;\u00e9quipements d&#039;usinage, notamment des usinages CNC, des tours d&#039;instrumentation manuels, des perceuses, des rectifieuses sans centre, des rectifications double face, des rectifications monofaces, etc.\n<\/div><div class=\"bde-text-2772-183 bde-text\">\nAfin d&#039;am\u00e9liorer l&#039;efficacit\u00e9 du traitement, une vari\u00e9t\u00e9 de pi\u00e8ces utilisant des \u00e9quipements automatis\u00e9s pour le serrage automatique, pour r\u00e9aliser une production ininterrompue 24 heures sur 24, pour assurer une production de haute qualit\u00e9 et efficace des pi\u00e8ces de produits.\n<\/div><div class=\"bde-text-2772-184 bde-text\">\nBW\u00ae, nous recherchons et perfectionnons constamment nos \u00e9quipements et processus existants, introduisons des technologies de pointe internationales et apportons des am\u00e9liorations innovantes pour r\u00e9pondre aux exigences du march\u00e9 en mati\u00e8re de fonctionnalit\u00e9, de fiabilit\u00e9 et de s\u00e9curit\u00e9.\n<\/div><div class=\"bde-image-2772-155 bde-image\">\n<figure class=\"breakdance-image breakdance-image--619\">\n\t<div class=\"breakdance-image-container\">\n\t\t<div class=\"breakdance-image-clip\"><img loading=\"lazy\" decoding=\"async\" class=\"breakdance-image-object\" src=\"https:\/\/peekmaterials.com\/wp-content\/uploads\/2024\/06\/peek-bushings.webp\" width=\"900\" height=\"600\" srcset=\"https:\/\/peekmaterials.com\/wp-content\/uploads\/2024\/06\/peek-bushings.webp 900w, https:\/\/peekmaterials.com\/wp-content\/uploads\/2024\/06\/peek-bushings-300x200.webp 300w, https:\/\/peekmaterials.com\/wp-content\/uploads\/2024\/06\/peek-bushings-768x512.webp 768w, https:\/\/peekmaterials.com\/wp-content\/uploads\/2024\/06\/peek-bushings-18x12.webp 18w\" sizes=\"auto, (max-width: 900px) 100vw, 900px\" alt=\"coup d&#039;oeil bagues\"><\/div>\n\t<\/div><\/figure>\n\n<\/div>\n<\/div><div class=\"bde-column-2772-156 bde-column\">\n  \n\t\n\n\n\n<h3 class=\"bde-dual-heading-2772-157 bde-dual-heading\">\n\n\n            <span data-style=\"primary\" class=\"dual-heading--primary\">Obtenez vos bagues de manchon PEEK maintenant\u00a0!<\/span>\n\n\n\n<\/h3><div class=\"bde-form-builder-2772-158 bde-form-builder\">\n\n\n<form id=\"contact-form158\" class=\"breakdance-form breakdance-form--vertical\" data-options=\"{&quot;slug&quot;:&quot;custom&quot;,&quot;name&quot;:&quot;Contact Form&quot;,&quot;ajaxUrl&quot;:&quot;https:\\\/\\\/peekmaterials.com\\\/wp-admin\\\/admin-ajax.php&quot;,&quot;clearOnSuccess&quot;:true,&quot;hideOnSuccess&quot;:false,&quot;successMessage&quot;:&quot;The form was submitted successfully.&quot;,&quot;errorMessage&quot;:&quot;Something went wrong.&quot;,&quot;redirect&quot;:false,&quot;redirectUrl&quot;:&quot;&quot;,&quot;customJavaScript&quot;:&quot;&quot;,&quot;recaptcha&quot;:{&quot;key&quot;:&quot;&quot;,&quot;enabled&quot;:false},&quot;honeypot_enabled&quot;:false,&quot;popupsOnSuccess&quot;:[],&quot;popupsOnError&quot;:[]}\" data-steps=\"0\" action=\"\" >\n  \n  \n  \n<div class=\"breakdance-form-field breakdance-form-field--text\" >\n    \n    \n            <label class=\"breakdance-form-field__label\" for=\"name\">\n            Pr\u00e9nom<span class=\"breakdance-form-field__required\">*<\/span>\n        <\/label>\n    \n    <input\n    class=\"breakdance-form-field__input\"\n    id=\"name\"\n    aria-describedby=\"name\"\n    type=\"text\"\n    name=\"fields[name]\"\n    placeholder=\"Entrez votre pr\u00e9nom\"\n    value=\"\"\n                \n        \n        \n    required\n>\n\n\n    \n    \n<\/div>\n\n\n<div class=\"breakdance-form-field breakdance-form-field--text\" >\n    \n    \n            <label class=\"breakdance-form-field__label\" for=\"hhfcby\">\n            Nom de famille<span class=\"breakdance-form-field__required\">*<\/span>\n        <\/label>\n    \n    <input\n    class=\"breakdance-form-field__input\"\n    id=\"hhfcby\"\n    aria-describedby=\"hhfcby\"\n    type=\"text\"\n    name=\"fields[hhfcby]\"\n    placeholder=\"Entrez votre nom de famille\"\n    value=\"\"\n                \n        \n        \n    required\n>\n\n\n    \n    \n<\/div>\n\n\n<div class=\"breakdance-form-field breakdance-form-field--email\" >\n    \n    \n            <label class=\"breakdance-form-field__label\" for=\"email\">\n            Adresse email<span class=\"breakdance-form-field__required\">*<\/span>\n        <\/label>\n    \n    <input\n    class=\"breakdance-form-field__input\"\n    id=\"email\"\n    aria-describedby=\"email\"\n    type=\"email\"\n    name=\"fields[email]\"\n    placeholder=\"Entrez votre email\"\n    value=\"\"\n                \n        \n        \n    required\n>\n\n\n    \n    \n<\/div>\n\n\n<div class=\"breakdance-form-field breakdance-form-field--tel\" >\n    \n    \n            <label class=\"breakdance-form-field__label\" for=\"vlpzhz\">\n            Num\u00e9ro de t\u00e9l\u00e9phone<span class=\"breakdance-form-field__required\">*<\/span>\n        <\/label>\n    \n    <input\n    class=\"breakdance-form-field__input\"\n    id=\"vlpzhz\"\n    aria-describedby=\"vlpzhz\"\n    type=\"tel\"\n    name=\"fields[vlpzhz]\"\n    placeholder=\"Entrez votre t\u00e9l\u00e9phone\"\n    value=\"\"\n                \n        \n        \n    required\n>\n\n\n    \n    \n<\/div>\n\n\n<div class=\"breakdance-form-field breakdance-form-field--textarea\" >\n    \n    \n            <label class=\"breakdance-form-field__label\" for=\"message\">\n            Message\n        <\/label>\n    \n    <textarea\n    class=\"breakdance-form-field__input\"\n    id=\"message\"\n    aria-describedby=\"message\"\n    type=\"textarea\"\n    name=\"fields[message]\"\n        placeholder=\"\u00c9crivez votre message ici...\"\n    \n    >\n<\/textarea>\n\n\n    \n    \n<\/div>\n\n\n  \n\n<div class=\"breakdance-form-field breakdance-form-footer\">\n    \n    \n                                    \n    \n    \n    \n    \n            \n            <button type=\"submit\" class=\"button-atom button-atom--primary breakdance-form-button breakdance-form-button__submit\"  >\n    \n        <span class=\"button-atom__text\">sbumit<\/span>\n\n        \n        \n            <\/button>\n    \n    <input type=\"hidden\" name=\"form_id\" value=\"158\">\n    <input type=\"hidden\" name=\"post_id\" value=\"2772\">\n<\/div>\n\n  \n<input type=\"hidden\" name=\"trp-form-language\" value=\"fr\"\/><\/form>\n\n\n\n<\/div>\n<\/div><\/div><\/div>\n<\/section><section class=\"bde-section-2772-159 bde-section\">\n  \n\t\n\n\n\n<div class=\"section-container\"><h3 class=\"bde-heading-2772-160 bde-heading\">\nProduits connexes\n<\/h3><div class=\"bde-div-2772-161 bde-div\">\n  \n\t\n\n\n\n<div class=\"bde-image-hover-card-2772-162 bde-image-hover-card\">\n           \n            \n            \n\n    \n    \n    \n    \n    \n    <a class=\"breakdance-link\" href=\"https:\/\/peekmaterials.com\/fr\/formulaires-dapercu\/filaments-de-pointe\/\" target=\"_self\" data-type=\"url\"  >\n\n<figure class=\"ee-imagehover c4-izmir c4-border-bottom-left c4-image-zoom-in\">\n    <img loading=\"lazy\" decoding=\"async\" class=\"breakdance-image-object\" src=\"https:\/\/peekmaterials.com\/wp-content\/uploads\/2025\/03\/3d-filament.webp\" width=\"500\" height=\"500\" srcset=\"https:\/\/peekmaterials.com\/wp-content\/uploads\/2025\/03\/3d-filament.webp 500w, https:\/\/peekmaterials.com\/wp-content\/uploads\/2025\/03\/3d-filament-300x300.webp 300w, https:\/\/peekmaterials.com\/wp-content\/uploads\/2025\/03\/3d-filament-150x150.webp 150w, https:\/\/peekmaterials.com\/wp-content\/uploads\/2025\/03\/3d-filament-12x12.webp 12w\" sizes=\"auto, (max-width: 500px) 100vw, 500px\" alt=\"\">\n  <figcaption class=\"c4-layout-bottom-left\">\n                <div class=\"c4-reveal-right c4-delay-100\">\n              <h4 class=\"ee-imagehover-title\">FILAMENT PEEK<\/h4>\n      <\/div>\n      <\/figcaption>\n<\/figure>\n      <\/a>\n\n<\/div><div class=\"bde-image-hover-card-2772-163 bde-image-hover-card\">\n           \n            \n            \n\n    \n    \n    \n    \n    \n    <a class=\"breakdance-link\" href=\"https:\/\/peekmaterials.com\/fr\/formulaires-dapercu\/tube-de-coup-doeil\/\" target=\"_self\" data-type=\"url\"  >\n\n<figure class=\"ee-imagehover c4-izmir c4-border-bottom-left c4-image-zoom-in\">\n    <img loading=\"lazy\" decoding=\"async\" class=\"breakdance-image-object\" src=\"https:\/\/peekmaterials.com\/wp-content\/uploads\/2025\/02\/PEEK-TUBES.webp\" width=\"500\" height=\"500\" srcset=\"https:\/\/peekmaterials.com\/wp-content\/uploads\/2025\/02\/PEEK-TUBES.webp 500w, https:\/\/peekmaterials.com\/wp-content\/uploads\/2025\/02\/PEEK-TUBES-300x300.webp 300w, https:\/\/peekmaterials.com\/wp-content\/uploads\/2025\/02\/PEEK-TUBES-150x150.webp 150w, https:\/\/peekmaterials.com\/wp-content\/uploads\/2025\/02\/PEEK-TUBES-12x12.webp 12w\" sizes=\"auto, (max-width: 500px) 100vw, 500px\" alt=\"\">\n  <figcaption class=\"c4-layout-bottom-left\">\n                <div class=\"c4-reveal-right c4-delay-100\">\n              <h4 class=\"ee-imagehover-title\">Tube PEEK<\/h4>\n      <\/div>\n      <\/figcaption>\n<\/figure>\n      <\/a>\n\n<\/div><div class=\"bde-image-hover-card-2772-164 bde-image-hover-card\">\n           \n            \n            \n\n    \n    \n    \n    \n    \n    <a class=\"breakdance-link\" href=\"https:\/\/peekmaterials.com\/fr\/formulaires-dapercu\/feuille-dapercu\/\" target=\"_self\" data-type=\"url\"  >\n\n<figure class=\"ee-imagehover c4-izmir c4-border-bottom-left c4-image-zoom-in\">\n    <img loading=\"lazy\" decoding=\"async\" class=\"breakdance-image-object\" src=\"https:\/\/peekmaterials.com\/wp-content\/uploads\/2024\/11\/PEEK-Thermo-Plastic-Sheets.webp\" width=\"1080\" height=\"1080\" srcset=\"https:\/\/peekmaterials.com\/wp-content\/uploads\/2024\/11\/PEEK-Thermo-Plastic-Sheets.webp 1080w, https:\/\/peekmaterials.com\/wp-content\/uploads\/2024\/11\/PEEK-Thermo-Plastic-Sheets-300x300.webp 300w, https:\/\/peekmaterials.com\/wp-content\/uploads\/2024\/11\/PEEK-Thermo-Plastic-Sheets-1024x1024.webp 1024w, https:\/\/peekmaterials.com\/wp-content\/uploads\/2024\/11\/PEEK-Thermo-Plastic-Sheets-150x150.webp 150w, https:\/\/peekmaterials.com\/wp-content\/uploads\/2024\/11\/PEEK-Thermo-Plastic-Sheets-768x768.webp 768w, https:\/\/peekmaterials.com\/wp-content\/uploads\/2024\/11\/PEEK-Thermo-Plastic-Sheets-12x12.webp 12w\" sizes=\"auto, (max-width: 1080px) 100vw, 1080px\" alt=\"Feuilles thermoplastiques PEEK\">\n  <figcaption class=\"c4-layout-bottom-left\">\n                <div class=\"c4-reveal-right c4-delay-100\">\n              <h4 class=\"ee-imagehover-title\">Feuille PEEK<\/h4>\n      <\/div>\n      <\/figcaption>\n<\/figure>\n      <\/a>\n\n<\/div>\n<\/div><\/div>\n<\/section>","protected":false},"excerpt":{"rendered":"<p>Coussinets PEEK (Coussinets en poly\u00e9ther\u00e9therc\u00e9tone). Ces coussinets sont fabriqu\u00e9s en plastique technique Peek par moulage par injection ou usinage CNC. Leur fonction principale est de stabiliser et de r\u00e9duire les frottements et l&#039;usure lors des mouvements de l&#039;arbre. Le poly\u00e9ther\u00e9therc\u00e9tone est un thermoplastique semi-cristallin offrant une r\u00e9sistance aux temp\u00e9ratures \u00e9lev\u00e9es, une autolubrification, une mise en \u0153uvre facile, une r\u00e9sistance \u00e9lev\u00e9e \u00e0 la traction, une bonne rigidit\u00e9 et une bonne [\u2026]<\/p>","protected":false},"author":1,"featured_media":622,"parent":2503,"menu_order":0,"comment_status":"closed","ping_status":"closed","template":"","meta":{"googlesitekit_rrm_CAowl6XZCw:productID":"","_breakdance_hide_in_design_set":false,"_breakdance_tags":"","footnotes":""},"class_list":["post-2772","page","type-page","status-publish","has-post-thumbnail","hentry"],"_links":{"self":[{"href":"https:\/\/peekmaterials.com\/fr\/wp-json\/wp\/v2\/pages\/2772","targetHints":{"allow":["GET"]}}],"collection":[{"href":"https:\/\/peekmaterials.com\/fr\/wp-json\/wp\/v2\/pages"}],"about":[{"href":"https:\/\/peekmaterials.com\/fr\/wp-json\/wp\/v2\/types\/page"}],"author":[{"embeddable":true,"href":"https:\/\/peekmaterials.com\/fr\/wp-json\/wp\/v2\/users\/1"}],"replies":[{"embeddable":true,"href":"https:\/\/peekmaterials.com\/fr\/wp-json\/wp\/v2\/comments?post=2772"}],"version-history":[{"count":8,"href":"https:\/\/peekmaterials.com\/fr\/wp-json\/wp\/v2\/pages\/2772\/revisions"}],"predecessor-version":[{"id":2780,"href":"https:\/\/peekmaterials.com\/fr\/wp-json\/wp\/v2\/pages\/2772\/revisions\/2780"}],"up":[{"embeddable":true,"href":"https:\/\/peekmaterials.com\/fr\/wp-json\/wp\/v2\/pages\/2503"}],"wp:featuredmedia":[{"embeddable":true,"href":"https:\/\/peekmaterials.com\/fr\/wp-json\/wp\/v2\/media\/622"}],"wp:attachment":[{"href":"https:\/\/peekmaterials.com\/fr\/wp-json\/wp\/v2\/media?parent=2772"}],"curies":[{"name":"wp","href":"https:\/\/api.w.org\/{rel}","templated":true}]}}