{"id":2772,"date":"2025-09-22T08:57:18","date_gmt":"2025-09-22T08:57:18","guid":{"rendered":"https:\/\/peekmaterials.com\/?page_id=2772"},"modified":"2025-09-22T08:57:21","modified_gmt":"2025-09-22T08:57:21","slug":"casquillo-de-peek","status":"publish","type":"page","link":"https:\/\/peekmaterials.com\/es\/mirar-partes\/casquillo-de-peek\/","title":{"rendered":"Buje de PEEK"},"content":{"rendered":"<section class=\"bde-section-2772-100 bde-section\">\n  \n\t\n\n\n\n<div class=\"section-container\"><div class=\"bde-columns-2772-101 bde-columns\"><div class=\"bde-column-2772-102 bde-column\">\n  \n\t\n\n\n\n<div class=\"bde-image-2772-103 bde-image\">\n<figure class=\"breakdance-image breakdance-image--622\">\n\t<div class=\"breakdance-image-container\">\n\t\t<div class=\"breakdance-image-clip\"><img loading=\"lazy\" decoding=\"async\" class=\"breakdance-image-object\" src=\"https:\/\/peekmaterials.com\/wp-content\/uploads\/2024\/06\/plastic-bushings-electrical.webp\" width=\"900\" height=\"600\" srcset=\"https:\/\/peekmaterials.com\/wp-content\/uploads\/2024\/06\/plastic-bushings-electrical.webp 900w, https:\/\/peekmaterials.com\/wp-content\/uploads\/2024\/06\/plastic-bushings-electrical-300x200.webp 300w, https:\/\/peekmaterials.com\/wp-content\/uploads\/2024\/06\/plastic-bushings-electrical-768x512.webp 768w, https:\/\/peekmaterials.com\/wp-content\/uploads\/2024\/06\/plastic-bushings-electrical-18x12.webp 18w\" sizes=\"auto, (max-width: 900px) 100vw, 900px\" alt=\"casquillos de pl\u00e1stico el\u00e9ctricos\"><\/div>\n\t<\/div><\/figure>\n\n<\/div>\n<\/div><div class=\"bde-column-2772-104 bde-column\">\n  \n\t\n\n\n\n<h1 class=\"bde-heading-2772-105 bde-heading\">\nBujes de PEEK\n<\/h1><div class=\"bde-text-2772-106 bde-text\">\nBujes PEEK (bujes de polieteretercetona)<br>Este es un tipo de casquillos fabricados con pl\u00e1sticos de ingenier\u00eda Peek mediante moldeo por inyecci\u00f3n o mecanizado CNC.<br>La funci\u00f3n principal es fijar y reducir la fricci\u00f3n y el desgaste cuando el eje se mueve.\n<\/div><div class=\"bde-text-2772-107 bde-text\">\nLa polieteretercetona es un termopl\u00e1stico semicristalino con resistencia a altas temperaturas, autolubricaci\u00f3n, f\u00e1cil procesamiento, alta resistencia a la tracci\u00f3n, rigidez, buena resistencia a la abrasi\u00f3n, bajo coeficiente de fricci\u00f3n, excelente resistencia qu\u00edmica y muy baja absorci\u00f3n de humedad, lo que lo hace especialmente adecuado para Procesamiento de bujes para reducir la fricci\u00f3n y el desgaste.\n<\/div><div class=\"bde-fancy-divider-2772-108 bde-fancy-divider\">\n\n\n<div class=\"bde-fancy-divider__wrapper\">\n  <div class=\"bde-fancy-divider__separator\">\n  \t  <\/div>\n<\/div>\n\n<\/div>\n<\/div><\/div><\/div>\n<\/section><section class=\"bde-section-2772-109 bde-section\">\n  \n\t\n\n\n\n<div class=\"section-container\"><div class=\"bde-columns-2772-110 bde-columns\"><div class=\"bde-column-2772-111 bde-column\">\n  \n\t\n\n\n\n<h2 class=\"bde-heading-2772-112 bde-heading\">\nDetalles de los bujes de PEEK\n<\/h2><div class=\"bde-rich-text-2772-113 bde-rich-text breakdance-rich-text-styles\">\n<ul>\n<li><strong>Color:<\/strong>beige o negro<\/li>\n<li><strong>Di\u00e1metro interno:<\/strong>\u00a0di\u00e1metro 28 mm a 100 mm<\/li>\n<li><strong>Di\u00e1metro externo:<\/strong>\u00a0di\u00e1metro 60 mm a 130 mm<\/li>\n<li><strong>L\u00edmite de carga:<\/strong>\u00a060 rpm-120 rpm<\/li>\n<li><strong>Longitud:<\/strong>\u00a0seg\u00fan sus requisitos<\/li>\n<li><strong>Fortaleza:<\/strong>\u00a0116MPa<\/li>\n<li><strong>Densidad:<\/strong>\u00a01,32 g\/cm3<\/li>\n<\/ul>\n<\/div>\n<\/div><div class=\"bde-column-2772-116 bde-column\">\n  \n\t\n\n\n\n<img decoding=\"async\" class=\"bde-image2-2772-117 bde-image2\" src=\"https:\/\/peekmaterials.com\/wp-content\/uploads\/2024\/06\/plastic-bushing-768x512.webp\" alt=\"casquillo de plastico\" srcset=\"https:\/\/peekmaterials.com\/wp-content\/uploads\/2024\/06\/plastic-bushing-768x512.webp 768w, https:\/\/peekmaterials.com\/wp-content\/uploads\/2024\/06\/plastic-bushing-300x200.webp 300w, https:\/\/peekmaterials.com\/wp-content\/uploads\/2024\/06\/plastic-bushing-18x12.webp 18w\" sizes=\"(max-width: 768px) 100vw, 768px\"><\/img>\n<\/div><\/div><\/div>\n<\/section><section class=\"bde-section-2772-118 bde-section\">\n  \n\t\n\n\n\n<div class=\"section-container\"><div class=\"bde-columns-2772-119 bde-columns\"><div class=\"bde-column-2772-120 bde-column\">\n  \n\t\n\n\n\n<img decoding=\"async\" class=\"bde-image2-2772-121 bde-image2\" src=\"https:\/\/peekmaterials.com\/wp-content\/uploads\/2024\/06\/peek-sleeve.webp\" alt=\"manguito del eje peek\" loading=\"lazy\" srcset=\"https:\/\/peekmaterials.com\/wp-content\/uploads\/2024\/06\/peek-sleeve.webp 900w, https:\/\/peekmaterials.com\/wp-content\/uploads\/2024\/06\/peek-sleeve-300x200.webp 300w, https:\/\/peekmaterials.com\/wp-content\/uploads\/2024\/06\/peek-sleeve-768x512.webp 768w, https:\/\/peekmaterials.com\/wp-content\/uploads\/2024\/06\/peek-sleeve-18x12.webp 18w\" sizes=\"(max-width: 900px) 100vw, 900px\"><\/img>\n<\/div><div class=\"bde-column-2772-122 bde-column\">\n  \n\t\n\n\n\n<h3 class=\"bde-heading-2772-123 bde-heading\">\nVentajas del buje de PEEK\n<\/h3><div class=\"bde-checkmark-list-2772-181 bde-checkmark-list\">\n<ul>\n  \n              \n              \n    <li>\n      <span class='bde-checkmark-list__icon bde-checkmark-list__icon_yes  bg-yes'>\n                  <svg xmlns=\"http:\/\/www.w3.org\/2000\/svg\" viewbox=\"0 0 24 24\"><path d=\"M18.71,7.21a1,1,0,0,0-1.42,0L9.84,14.67,6.71,11.53A1,1,0,1,0,5.29,13l3.84,3.84a1,1,0,0,0,1.42,0l8.16-8.16A1,1,0,0,0,18.71,7.21Z\"\/><\/svg>\n              <\/span>\n      <div >\n        Autolubricante\n      <\/div>\n\n    <\/li>\n\n  \n              \n              \n    <li>\n      <span class='bde-checkmark-list__icon bde-checkmark-list__icon_yes  bg-yes'>\n                  <svg xmlns=\"http:\/\/www.w3.org\/2000\/svg\" viewbox=\"0 0 24 24\"><path d=\"M18.71,7.21a1,1,0,0,0-1.42,0L9.84,14.67,6.71,11.53A1,1,0,1,0,5.29,13l3.84,3.84a1,1,0,0,0,1.42,0l8.16-8.16A1,1,0,0,0,18.71,7.21Z\"\/><\/svg>\n              <\/span>\n      <div >\n        Bajo coeficiente de fricci\u00f3n\n      <\/div>\n\n    <\/li>\n\n  \n              \n              \n    <li>\n      <span class='bde-checkmark-list__icon bde-checkmark-list__icon_yes  bg-yes'>\n                  <svg xmlns=\"http:\/\/www.w3.org\/2000\/svg\" viewbox=\"0 0 24 24\"><path d=\"M18.71,7.21a1,1,0,0,0-1.42,0L9.84,14.67,6.71,11.53A1,1,0,1,0,5.29,13l3.84,3.84a1,1,0,0,0,1.42,0l8.16-8.16A1,1,0,0,0,18.71,7.21Z\"\/><\/svg>\n              <\/span>\n      <div >\n        Alta capacidad de carga\n      <\/div>\n\n    <\/li>\n\n  \n              \n              \n    <li>\n      <span class='bde-checkmark-list__icon bde-checkmark-list__icon_yes  bg-yes'>\n                  <svg xmlns=\"http:\/\/www.w3.org\/2000\/svg\" viewbox=\"0 0 24 24\"><path d=\"M18.71,7.21a1,1,0,0,0-1.42,0L9.84,14.67,6.71,11.53A1,1,0,1,0,5.29,13l3.84,3.84a1,1,0,0,0,1.42,0l8.16-8.16A1,1,0,0,0,18.71,7.21Z\"\/><\/svg>\n              <\/span>\n      <div >\n        Protecci\u00f3n contra la corrosi\u00f3n\n      <\/div>\n\n    <\/li>\n\n  \n              \n              \n    <li>\n      <span class='bde-checkmark-list__icon bde-checkmark-list__icon_yes  bg-yes'>\n                  <svg xmlns=\"http:\/\/www.w3.org\/2000\/svg\" viewbox=\"0 0 24 24\"><path d=\"M18.71,7.21a1,1,0,0,0-1.42,0L9.84,14.67,6.71,11.53A1,1,0,1,0,5.29,13l3.84,3.84a1,1,0,0,0,1.42,0l8.16-8.16A1,1,0,0,0,18.71,7.21Z\"\/><\/svg>\n              <\/span>\n      <div >\n        Baja tasa de desgaste\n      <\/div>\n\n    <\/li>\n\n  \n              \n              \n    <li>\n      <span class='bde-checkmark-list__icon bde-checkmark-list__icon_yes  bg-yes'>\n                  <svg xmlns=\"http:\/\/www.w3.org\/2000\/svg\" viewbox=\"0 0 24 24\"><path d=\"M18.71,7.21a1,1,0,0,0-1.42,0L9.84,14.67,6.71,11.53A1,1,0,1,0,5.29,13l3.84,3.84a1,1,0,0,0,1.42,0l8.16-8.16A1,1,0,0,0,18.71,7.21Z\"\/><\/svg>\n              <\/span>\n      <div >\n        Stick-slip reducido\n      <\/div>\n\n    <\/li>\n\n  \n              \n              \n    <li>\n      <span class='bde-checkmark-list__icon bde-checkmark-list__icon_yes  bg-yes'>\n                  <svg xmlns=\"http:\/\/www.w3.org\/2000\/svg\" viewbox=\"0 0 24 24\"><path d=\"M18.71,7.21a1,1,0,0,0-1.42,0L9.84,14.67,6.71,11.53A1,1,0,1,0,5.29,13l3.84,3.84a1,1,0,0,0,1.42,0l8.16-8.16A1,1,0,0,0,18.71,7.21Z\"\/><\/svg>\n              <\/span>\n      <div >\n        Estabilidad dimensional\n      <\/div>\n\n    <\/li>\n\n  <\/ul>\n\n<\/div>\n<\/div><\/div><\/div>\n<\/section><section class=\"bde-section-2772-165 bde-section\">\n  \n\t\n\n\n\n<div class=\"section-container\"><div class=\"bde-columns-2772-166 bde-columns\"><div class=\"bde-column-2772-167 bde-column\">\n  \n\t\n\n\n\n<h3 class=\"bde-heading-2772-168 bde-heading\">\nProblemas y soluciones en nuestra producci\u00f3n de piezas PEEK\n<\/h3><div class=\"bde-rich-text-2772-169 bde-rich-text breakdance-rich-text-styles\">\n<p>Las formas m\u00e1s comunes de productos PEEK son\u00a0<a href=\"https:\/\/peekmaterials.com\/es\/mirar-partes\/anillo-de-vistazo\/\" data-wplink-edit=\"true\"><strong>Anillos de sellado PEEK<\/strong><\/a>,\u00a0<strong>rodamiento PEEK<\/strong>, bujes de eje, etc. Los casquillos de PEEK de gran tama\u00f1o, paredes delgadas y gran longitud son dif\u00edciles de procesar debido a la facilidad de deformaci\u00f3n de la sujeci\u00f3n, la vibraci\u00f3n de la cuchilla y otros problemas en el proceso de mecanizado.<\/p>\n<\/div>\n<\/div><div class=\"bde-column-2772-170 bde-column\">\n  \n\t\n\n\n\n<img decoding=\"async\" class=\"bde-image2-2772-171 bde-image2\" src=\"https:\/\/peekmaterials.com\/wp-content\/uploads\/2024\/06\/plastic-bushing-768x512.webp\" alt=\"casquillo de plastico\" srcset=\"https:\/\/peekmaterials.com\/wp-content\/uploads\/2024\/06\/plastic-bushing-768x512.webp 768w, https:\/\/peekmaterials.com\/wp-content\/uploads\/2024\/06\/plastic-bushing-300x200.webp 300w, https:\/\/peekmaterials.com\/wp-content\/uploads\/2024\/06\/plastic-bushing-18x12.webp 18w\" sizes=\"(max-width: 768px) 100vw, 768px\"><\/img>\n<\/div><\/div><\/div>\n<\/section><section class=\"bde-section-2772-148 bde-section\">\n  \n\t\n\n\n\n<div class=\"section-container\"><div class=\"bde-fancy-divider-2772-149 bde-fancy-divider\">\n\n\n<div class=\"bde-fancy-divider__wrapper\">\n  <div class=\"bde-fancy-divider__separator\">\n  \t  <\/div>\n<\/div>\n\n<\/div><div class=\"bde-fancy-divider-2772-150 bde-fancy-divider\">\n\n\n<div class=\"bde-fancy-divider__wrapper\">\n  <div class=\"bde-fancy-divider__separator\">\n  \t  <\/div>\n<\/div>\n\n<\/div><div class=\"bde-columns-2772-151 bde-columns\"><div class=\"bde-column-2772-152 bde-column\">\n  \n\t\n\n\n\n<h3 class=\"bde-heading-2772-153 bde-heading\">\nBujes de manga OEM\/ODM PEEK\n<\/h3><div class=\"bde-text-2772-182 bde-text\">\nBW\u00ae dispone de un taller CNC con cerca de 15 tipos de equipos de mecanizado, entre los que se incluyen mecanizado CNC, tornos de instrumentaci\u00f3n manual, taladradoras, rectificadoras sin centro, rectificadoras de doble cara, rectificadoras de una cara, etc.\n<\/div><div class=\"bde-text-2772-183 bde-text\">\nCon el fin de mejorar la eficiencia del procesamiento, una variedad de piezas utilizan equipos automatizados para la sujeci\u00f3n autom\u00e1tica, para lograr una producci\u00f3n ininterrumpida las 24 horas del d\u00eda, para garantizar una producci\u00f3n eficiente y de alta calidad de las piezas del producto.\n<\/div><div class=\"bde-text-2772-184 bde-text\">\nBW\u00ae, siempre estamos investigando y perfeccionando nuestros equipos y procesos existentes, introduciendo tecnolog\u00eda avanzada internacional y realizando mejoras innovadoras para cumplir con los requisitos del mercado en cuanto a funcionalidad, confiabilidad y seguridad.\n<\/div><div class=\"bde-image-2772-155 bde-image\">\n<figure class=\"breakdance-image breakdance-image--619\">\n\t<div class=\"breakdance-image-container\">\n\t\t<div class=\"breakdance-image-clip\"><img loading=\"lazy\" decoding=\"async\" class=\"breakdance-image-object\" src=\"https:\/\/peekmaterials.com\/wp-content\/uploads\/2024\/06\/peek-bushings.webp\" width=\"900\" height=\"600\" srcset=\"https:\/\/peekmaterials.com\/wp-content\/uploads\/2024\/06\/peek-bushings.webp 900w, https:\/\/peekmaterials.com\/wp-content\/uploads\/2024\/06\/peek-bushings-300x200.webp 300w, https:\/\/peekmaterials.com\/wp-content\/uploads\/2024\/06\/peek-bushings-768x512.webp 768w, https:\/\/peekmaterials.com\/wp-content\/uploads\/2024\/06\/peek-bushings-18x12.webp 18w\" sizes=\"auto, (max-width: 900px) 100vw, 900px\" alt=\"casquillos de mirada\"><\/div>\n\t<\/div><\/figure>\n\n<\/div>\n<\/div><div class=\"bde-column-2772-156 bde-column\">\n  \n\t\n\n\n\n<h3 class=\"bde-dual-heading-2772-157 bde-dual-heading\">\n\n\n            <span data-style=\"primary\" class=\"dual-heading--primary\">\u00a1Consiga sus bujes de manguito PEEK ahora!<\/span>\n\n\n\n<\/h3><div class=\"bde-form-builder-2772-158 bde-form-builder\">\n\n\n<form id=\"contact-form158\" class=\"breakdance-form breakdance-form--vertical\" data-options=\"{&quot;slug&quot;:&quot;custom&quot;,&quot;name&quot;:&quot;Contact Form&quot;,&quot;ajaxUrl&quot;:&quot;https:\\\/\\\/peekmaterials.com\\\/wp-admin\\\/admin-ajax.php&quot;,&quot;clearOnSuccess&quot;:true,&quot;hideOnSuccess&quot;:false,&quot;successMessage&quot;:&quot;The form was submitted successfully.&quot;,&quot;errorMessage&quot;:&quot;Something went wrong.&quot;,&quot;redirect&quot;:false,&quot;redirectUrl&quot;:&quot;&quot;,&quot;customJavaScript&quot;:&quot;&quot;,&quot;recaptcha&quot;:{&quot;key&quot;:&quot;&quot;,&quot;enabled&quot;:false},&quot;honeypot_enabled&quot;:false,&quot;popupsOnSuccess&quot;:[],&quot;popupsOnError&quot;:[]}\" data-steps=\"0\" action=\"\" >\n  \n  \n  \n<div class=\"breakdance-form-field breakdance-form-field--text\" >\n    \n    \n            <label class=\"breakdance-form-field__label\" for=\"name\">\n            Nombre de pila<span class=\"breakdance-form-field__required\">*<\/span>\n        <\/label>\n    \n    <input\n    class=\"breakdance-form-field__input\"\n    id=\"name\"\n    aria-describedby=\"name\"\n    type=\"text\"\n    name=\"fields[name]\"\n    placeholder=\"Ingresa tu nombre\"\n    value=\"\"\n                \n        \n        \n    required\n>\n\n\n    \n    \n<\/div>\n\n\n<div class=\"breakdance-form-field breakdance-form-field--text\" >\n    \n    \n            <label class=\"breakdance-form-field__label\" for=\"hhfcby\">\n            Apellido<span class=\"breakdance-form-field__required\">*<\/span>\n        <\/label>\n    \n    <input\n    class=\"breakdance-form-field__input\"\n    id=\"hhfcby\"\n    aria-describedby=\"hhfcby\"\n    type=\"text\"\n    name=\"fields[hhfcby]\"\n    placeholder=\"Ingresa tu apellido\"\n    value=\"\"\n                \n        \n        \n    required\n>\n\n\n    \n    \n<\/div>\n\n\n<div class=\"breakdance-form-field breakdance-form-field--email\" >\n    \n    \n            <label class=\"breakdance-form-field__label\" for=\"email\">\n            Direcci\u00f3n de correo electr\u00f3nico<span class=\"breakdance-form-field__required\">*<\/span>\n        <\/label>\n    \n    <input\n    class=\"breakdance-form-field__input\"\n    id=\"email\"\n    aria-describedby=\"email\"\n    type=\"email\"\n    name=\"fields[email]\"\n    placeholder=\"Ingresa tu correo electr\u00f3nico\"\n    value=\"\"\n                \n        \n        \n    required\n>\n\n\n    \n    \n<\/div>\n\n\n<div class=\"breakdance-form-field breakdance-form-field--tel\" >\n    \n    \n            <label class=\"breakdance-form-field__label\" for=\"vlpzhz\">\n            N\u00famero de tel\u00e9fono<span class=\"breakdance-form-field__required\">*<\/span>\n        <\/label>\n    \n    <input\n    class=\"breakdance-form-field__input\"\n    id=\"vlpzhz\"\n    aria-describedby=\"vlpzhz\"\n    type=\"tel\"\n    name=\"fields[vlpzhz]\"\n    placeholder=\"Ingresa tu tel\u00e9fono\"\n    value=\"\"\n                \n        \n        \n    required\n>\n\n\n    \n    \n<\/div>\n\n\n<div class=\"breakdance-form-field breakdance-form-field--textarea\" >\n    \n    \n            <label class=\"breakdance-form-field__label\" for=\"message\">\n            Mensaje\n        <\/label>\n    \n    <textarea\n    class=\"breakdance-form-field__input\"\n    id=\"message\"\n    aria-describedby=\"message\"\n    type=\"textarea\"\n    name=\"fields[message]\"\n        placeholder=\"Escribe tu mensaje aqu\u00ed...\"\n    \n    >\n<\/textarea>\n\n\n    \n    \n<\/div>\n\n\n  \n\n<div class=\"breakdance-form-field breakdance-form-footer\">\n    \n    \n                                    \n    \n    \n    \n    \n            \n            <button type=\"submit\" class=\"button-atom button-atom--primary breakdance-form-button breakdance-form-button__submit\"  >\n    \n        <span class=\"button-atom__text\">sbumit<\/span>\n\n        \n        \n            <\/button>\n    \n    <input type=\"hidden\" name=\"form_id\" value=\"158\">\n    <input type=\"hidden\" name=\"post_id\" value=\"2772\">\n<\/div>\n\n  \n<input type=\"hidden\" name=\"trp-form-language\" value=\"es\"\/><\/form>\n\n\n\n<\/div>\n<\/div><\/div><\/div>\n<\/section><section class=\"bde-section-2772-159 bde-section\">\n  \n\t\n\n\n\n<div class=\"section-container\"><h3 class=\"bde-heading-2772-160 bde-heading\">\nProductos relacionados\n<\/h3><div class=\"bde-div-2772-161 bde-div\">\n  \n\t\n\n\n\n<div class=\"bde-image-hover-card-2772-162 bde-image-hover-card\">\n           \n            \n            \n\n    \n    \n    \n    \n    \n    <a class=\"breakdance-link\" href=\"https:\/\/peekmaterials.com\/es\/formularios-de-vistazo\/filamentos-de-pico\/\" target=\"_self\" data-type=\"url\"  >\n\n<figure class=\"ee-imagehover c4-izmir c4-border-bottom-left c4-image-zoom-in\">\n    <img loading=\"lazy\" decoding=\"async\" class=\"breakdance-image-object\" src=\"https:\/\/peekmaterials.com\/wp-content\/uploads\/2025\/03\/3d-filament.webp\" width=\"500\" height=\"500\" srcset=\"https:\/\/peekmaterials.com\/wp-content\/uploads\/2025\/03\/3d-filament.webp 500w, https:\/\/peekmaterials.com\/wp-content\/uploads\/2025\/03\/3d-filament-300x300.webp 300w, https:\/\/peekmaterials.com\/wp-content\/uploads\/2025\/03\/3d-filament-150x150.webp 150w, https:\/\/peekmaterials.com\/wp-content\/uploads\/2025\/03\/3d-filament-12x12.webp 12w\" sizes=\"auto, (max-width: 500px) 100vw, 500px\" alt=\"\">\n  <figcaption class=\"c4-layout-bottom-left\">\n                <div class=\"c4-reveal-right c4-delay-100\">\n              <h4 class=\"ee-imagehover-title\">FILAMENTO PEEK<\/h4>\n      <\/div>\n      <\/figcaption>\n<\/figure>\n      <\/a>\n\n<\/div><div class=\"bde-image-hover-card-2772-163 bde-image-hover-card\">\n           \n            \n            \n\n    \n    \n    \n    \n    \n    <a class=\"breakdance-link\" href=\"https:\/\/peekmaterials.com\/es\/formularios-de-vistazo\/tubo-de-vistazo\/\" target=\"_self\" data-type=\"url\"  >\n\n<figure class=\"ee-imagehover c4-izmir c4-border-bottom-left c4-image-zoom-in\">\n    <img loading=\"lazy\" decoding=\"async\" class=\"breakdance-image-object\" src=\"https:\/\/peekmaterials.com\/wp-content\/uploads\/2025\/02\/PEEK-TUBES.webp\" width=\"500\" height=\"500\" srcset=\"https:\/\/peekmaterials.com\/wp-content\/uploads\/2025\/02\/PEEK-TUBES.webp 500w, https:\/\/peekmaterials.com\/wp-content\/uploads\/2025\/02\/PEEK-TUBES-300x300.webp 300w, https:\/\/peekmaterials.com\/wp-content\/uploads\/2025\/02\/PEEK-TUBES-150x150.webp 150w, https:\/\/peekmaterials.com\/wp-content\/uploads\/2025\/02\/PEEK-TUBES-12x12.webp 12w\" sizes=\"auto, (max-width: 500px) 100vw, 500px\" alt=\"\">\n  <figcaption class=\"c4-layout-bottom-left\">\n                <div class=\"c4-reveal-right c4-delay-100\">\n              <h4 class=\"ee-imagehover-title\">Tubo de ojeada<\/h4>\n      <\/div>\n      <\/figcaption>\n<\/figure>\n      <\/a>\n\n<\/div><div class=\"bde-image-hover-card-2772-164 bde-image-hover-card\">\n           \n            \n            \n\n    \n    \n    \n    \n    \n    <a class=\"breakdance-link\" href=\"https:\/\/peekmaterials.com\/es\/formularios-de-vistazo\/hoja-de-vistazo\/\" target=\"_self\" data-type=\"url\"  >\n\n<figure class=\"ee-imagehover c4-izmir c4-border-bottom-left c4-image-zoom-in\">\n    <img loading=\"lazy\" decoding=\"async\" class=\"breakdance-image-object\" src=\"https:\/\/peekmaterials.com\/wp-content\/uploads\/2024\/11\/PEEK-Thermo-Plastic-Sheets.webp\" width=\"1080\" height=\"1080\" srcset=\"https:\/\/peekmaterials.com\/wp-content\/uploads\/2024\/11\/PEEK-Thermo-Plastic-Sheets.webp 1080w, https:\/\/peekmaterials.com\/wp-content\/uploads\/2024\/11\/PEEK-Thermo-Plastic-Sheets-300x300.webp 300w, https:\/\/peekmaterials.com\/wp-content\/uploads\/2024\/11\/PEEK-Thermo-Plastic-Sheets-1024x1024.webp 1024w, https:\/\/peekmaterials.com\/wp-content\/uploads\/2024\/11\/PEEK-Thermo-Plastic-Sheets-150x150.webp 150w, https:\/\/peekmaterials.com\/wp-content\/uploads\/2024\/11\/PEEK-Thermo-Plastic-Sheets-768x768.webp 768w, https:\/\/peekmaterials.com\/wp-content\/uploads\/2024\/11\/PEEK-Thermo-Plastic-Sheets-12x12.webp 12w\" sizes=\"auto, (max-width: 1080px) 100vw, 1080px\" alt=\"L\u00e1minas termopl\u00e1sticas PEEK\">\n  <figcaption class=\"c4-layout-bottom-left\">\n                <div class=\"c4-reveal-right c4-delay-100\">\n              <h4 class=\"ee-imagehover-title\">Hoja PEEK<\/h4>\n      <\/div>\n      <\/figcaption>\n<\/figure>\n      <\/a>\n\n<\/div>\n<\/div><\/div>\n<\/section>","protected":false},"excerpt":{"rendered":"<p>Bujes de PEEK. Bujes de PEEK (Bujes de polieteretercetona). Este tipo de buje se fabrica con pl\u00e1sticos de ingenier\u00eda Peek mediante moldeo por inyecci\u00f3n o mecanizado CNC. Su funci\u00f3n principal es fijar y reducir la fricci\u00f3n y el desgaste durante el movimiento del eje. La polieteretercetona es un termopl\u00e1stico semicristalino con alta resistencia a la temperatura, autolubricaci\u00f3n, f\u00e1cil procesamiento, alta resistencia a la tracci\u00f3n, rigidez y buena [\u2026]<\/p>","protected":false},"author":1,"featured_media":622,"parent":2503,"menu_order":0,"comment_status":"closed","ping_status":"closed","template":"","meta":{"googlesitekit_rrm_CAowl6XZCw:productID":"","_breakdance_hide_in_design_set":false,"_breakdance_tags":"","footnotes":""},"class_list":["post-2772","page","type-page","status-publish","has-post-thumbnail","hentry"],"_links":{"self":[{"href":"https:\/\/peekmaterials.com\/es\/wp-json\/wp\/v2\/pages\/2772","targetHints":{"allow":["GET"]}}],"collection":[{"href":"https:\/\/peekmaterials.com\/es\/wp-json\/wp\/v2\/pages"}],"about":[{"href":"https:\/\/peekmaterials.com\/es\/wp-json\/wp\/v2\/types\/page"}],"author":[{"embeddable":true,"href":"https:\/\/peekmaterials.com\/es\/wp-json\/wp\/v2\/users\/1"}],"replies":[{"embeddable":true,"href":"https:\/\/peekmaterials.com\/es\/wp-json\/wp\/v2\/comments?post=2772"}],"version-history":[{"count":8,"href":"https:\/\/peekmaterials.com\/es\/wp-json\/wp\/v2\/pages\/2772\/revisions"}],"predecessor-version":[{"id":2780,"href":"https:\/\/peekmaterials.com\/es\/wp-json\/wp\/v2\/pages\/2772\/revisions\/2780"}],"up":[{"embeddable":true,"href":"https:\/\/peekmaterials.com\/es\/wp-json\/wp\/v2\/pages\/2503"}],"wp:featuredmedia":[{"embeddable":true,"href":"https:\/\/peekmaterials.com\/es\/wp-json\/wp\/v2\/media\/622"}],"wp:attachment":[{"href":"https:\/\/peekmaterials.com\/es\/wp-json\/wp\/v2\/media?parent=2772"}],"curies":[{"name":"Gracias","href":"https:\/\/api.w.org\/{rel}","templated":true}]}}