{"id":2772,"date":"2025-09-22T08:57:18","date_gmt":"2025-09-22T08:57:18","guid":{"rendered":"https:\/\/peekmaterials.com\/?page_id=2772"},"modified":"2025-09-22T08:57:21","modified_gmt":"2025-09-22T08:57:21","slug":"peek-buchse","status":"publish","type":"page","link":"https:\/\/peekmaterials.com\/de\/teile-ansehen\/peek-buchse\/","title":{"rendered":"PEEK-Buchse"},"content":{"rendered":"<section class=\"bde-section-2772-100 bde-section\">\n  \n\t\n\n\n\n<div class=\"section-container\"><div class=\"bde-columns-2772-101 bde-columns\"><div class=\"bde-column-2772-102 bde-column\">\n  \n\t\n\n\n\n<div class=\"bde-image-2772-103 bde-image\">\n<figure class=\"breakdance-image breakdance-image--622\">\n\t<div class=\"breakdance-image-container\">\n\t\t<div class=\"breakdance-image-clip\"><img loading=\"lazy\" decoding=\"async\" class=\"breakdance-image-object\" src=\"https:\/\/peekmaterials.com\/wp-content\/uploads\/2024\/06\/plastic-bushings-electrical.webp\" width=\"900\" height=\"600\" srcset=\"https:\/\/peekmaterials.com\/wp-content\/uploads\/2024\/06\/plastic-bushings-electrical.webp 900w, https:\/\/peekmaterials.com\/wp-content\/uploads\/2024\/06\/plastic-bushings-electrical-300x200.webp 300w, https:\/\/peekmaterials.com\/wp-content\/uploads\/2024\/06\/plastic-bushings-electrical-768x512.webp 768w, https:\/\/peekmaterials.com\/wp-content\/uploads\/2024\/06\/plastic-bushings-electrical-18x12.webp 18w\" sizes=\"auto, (max-width: 900px) 100vw, 900px\" alt=\"Kunststoffbuchsen elektrisch\"><\/div>\n\t<\/div><\/figure>\n\n<\/div>\n<\/div><div class=\"bde-column-2772-104 bde-column\">\n  \n\t\n\n\n\n<h1 class=\"bde-heading-2772-105 bde-heading\">\nPEEK-Buchsen\n<\/h1><div class=\"bde-text-2772-106 bde-text\">\nPEEK-Buchsen (Polyetheretherketon-Buchsen)<br>Hierbei handelt es sich um Buchsen aus technischem Peek-Kunststoff, die im Spritzgussverfahren oder durch CNC-Bearbeitung hergestellt werden.<br>Die Hauptfunktion besteht darin, Reibung und Verschlei\u00df bei der Bewegung der Welle zu beheben und zu verringern.\n<\/div><div class=\"bde-text-2772-107 bde-text\">\nPolyetheretherketon ist ein teilkristalliner Thermoplast mit hoher Temperaturbest\u00e4ndigkeit, Selbstschmierung, einfacher Verarbeitung, hoher Zugfestigkeit, Steifigkeit, guter Abriebfestigkeit, niedrigem Reibungskoeffizienten, ausgezeichneter chemischer Best\u00e4ndigkeit und sehr geringer Feuchtigkeitsaufnahme, was es besonders geeignet macht f\u00fcr die Verarbeitung von Buchsen zur Reduzierung von Reibung und Verschlei\u00df.\n<\/div><div class=\"bde-fancy-divider-2772-108 bde-fancy-divider\">\n\n\n<div class=\"bde-fancy-divider__wrapper\">\n  <div class=\"bde-fancy-divider__separator\">\n  \t  <\/div>\n<\/div>\n\n<\/div>\n<\/div><\/div><\/div>\n<\/section><section class=\"bde-section-2772-109 bde-section\">\n  \n\t\n\n\n\n<div class=\"section-container\"><div class=\"bde-columns-2772-110 bde-columns\"><div class=\"bde-column-2772-111 bde-column\">\n  \n\t\n\n\n\n<h2 class=\"bde-heading-2772-112 bde-heading\">\nDetails zu PEEK-Buchsen\n<\/h2><div class=\"bde-rich-text-2772-113 bde-rich-text breakdance-rich-text-styles\">\n<ul>\n<li><strong>Farbe:<\/strong>beige oder schwarz<\/li>\n<li><strong>Innendurchmesser:<\/strong>\u00a0Durchmesser 28 mm bis 100 mm<\/li>\n<li><strong>Au\u00dfendurchmesser:<\/strong>\u00a0Durchmesser 60 mm bis 130 mm<\/li>\n<li><strong>Ladekapazit\u00e4t:<\/strong>\u00a060 U\/min-120 U\/min<\/li>\n<li><strong>L\u00e4nge:<\/strong>\u00a0nach Ihren Anforderungen<\/li>\n<li><strong>St\u00e4rke:<\/strong>\u00a0116 MPa<\/li>\n<li><strong>Dichte:<\/strong>\u00a01,32 g\/cm\u00b3<\/li>\n<\/ul>\n<\/div>\n<\/div><div class=\"bde-column-2772-116 bde-column\">\n  \n\t\n\n\n\n<img decoding=\"async\" class=\"bde-image2-2772-117 bde-image2\" src=\"https:\/\/peekmaterials.com\/wp-content\/uploads\/2024\/06\/plastic-bushing-768x512.webp\" alt=\"Kunststoffbuchse\" srcset=\"https:\/\/peekmaterials.com\/wp-content\/uploads\/2024\/06\/plastic-bushing-768x512.webp 768w, https:\/\/peekmaterials.com\/wp-content\/uploads\/2024\/06\/plastic-bushing-300x200.webp 300w, https:\/\/peekmaterials.com\/wp-content\/uploads\/2024\/06\/plastic-bushing-18x12.webp 18w\" sizes=\"(max-width: 768px) 100vw, 768px\"><\/img>\n<\/div><\/div><\/div>\n<\/section><section class=\"bde-section-2772-118 bde-section\">\n  \n\t\n\n\n\n<div class=\"section-container\"><div class=\"bde-columns-2772-119 bde-columns\"><div class=\"bde-column-2772-120 bde-column\">\n  \n\t\n\n\n\n<img decoding=\"async\" class=\"bde-image2-2772-121 bde-image2\" src=\"https:\/\/peekmaterials.com\/wp-content\/uploads\/2024\/06\/peek-sleeve.webp\" alt=\"Wellenschutzh\u00fclse gucken\" loading=\"lazy\" srcset=\"https:\/\/peekmaterials.com\/wp-content\/uploads\/2024\/06\/peek-sleeve.webp 900w, https:\/\/peekmaterials.com\/wp-content\/uploads\/2024\/06\/peek-sleeve-300x200.webp 300w, https:\/\/peekmaterials.com\/wp-content\/uploads\/2024\/06\/peek-sleeve-768x512.webp 768w, https:\/\/peekmaterials.com\/wp-content\/uploads\/2024\/06\/peek-sleeve-18x12.webp 18w\" sizes=\"(max-width: 900px) 100vw, 900px\"><\/img>\n<\/div><div class=\"bde-column-2772-122 bde-column\">\n  \n\t\n\n\n\n<h3 class=\"bde-heading-2772-123 bde-heading\">\nVorteile der PEEK-Buchse\n<\/h3><div class=\"bde-checkmark-list-2772-181 bde-checkmark-list\">\n<ul>\n  \n              \n              \n    <li>\n      <span class='bde-checkmark-list__icon bde-checkmark-list__icon_yes  bg-yes'>\n                  <svg xmlns=\"http:\/\/www.w3.org\/2000\/svg\" viewbox=\"0 0 24 24\"><path d=\"M18.71,7.21a1,1,0,0,0-1.42,0L9.84,14.67,6.71,11.53A1,1,0,1,0,5.29,13l3.84,3.84a1,1,0,0,0,1.42,0l8.16-8.16A1,1,0,0,0,18.71,7.21Z\"\/><\/svg>\n              <\/span>\n      <div >\n        Selbstschmierend\n      <\/div>\n\n    <\/li>\n\n  \n              \n              \n    <li>\n      <span class='bde-checkmark-list__icon bde-checkmark-list__icon_yes  bg-yes'>\n                  <svg xmlns=\"http:\/\/www.w3.org\/2000\/svg\" viewbox=\"0 0 24 24\"><path d=\"M18.71,7.21a1,1,0,0,0-1.42,0L9.84,14.67,6.71,11.53A1,1,0,1,0,5.29,13l3.84,3.84a1,1,0,0,0,1.42,0l8.16-8.16A1,1,0,0,0,18.71,7.21Z\"\/><\/svg>\n              <\/span>\n      <div >\n        Niedriger Reibungskoeffizient\n      <\/div>\n\n    <\/li>\n\n  \n              \n              \n    <li>\n      <span class='bde-checkmark-list__icon bde-checkmark-list__icon_yes  bg-yes'>\n                  <svg xmlns=\"http:\/\/www.w3.org\/2000\/svg\" viewbox=\"0 0 24 24\"><path d=\"M18.71,7.21a1,1,0,0,0-1.42,0L9.84,14.67,6.71,11.53A1,1,0,1,0,5.29,13l3.84,3.84a1,1,0,0,0,1.42,0l8.16-8.16A1,1,0,0,0,18.71,7.21Z\"\/><\/svg>\n              <\/span>\n      <div >\n        Hohe Belastbarkeit\n      <\/div>\n\n    <\/li>\n\n  \n              \n              \n    <li>\n      <span class='bde-checkmark-list__icon bde-checkmark-list__icon_yes  bg-yes'>\n                  <svg xmlns=\"http:\/\/www.w3.org\/2000\/svg\" viewbox=\"0 0 24 24\"><path d=\"M18.71,7.21a1,1,0,0,0-1.42,0L9.84,14.67,6.71,11.53A1,1,0,1,0,5.29,13l3.84,3.84a1,1,0,0,0,1.42,0l8.16-8.16A1,1,0,0,0,18.71,7.21Z\"\/><\/svg>\n              <\/span>\n      <div >\n        Korrosionsschutz\n      <\/div>\n\n    <\/li>\n\n  \n              \n              \n    <li>\n      <span class='bde-checkmark-list__icon bde-checkmark-list__icon_yes  bg-yes'>\n                  <svg xmlns=\"http:\/\/www.w3.org\/2000\/svg\" viewbox=\"0 0 24 24\"><path d=\"M18.71,7.21a1,1,0,0,0-1.42,0L9.84,14.67,6.71,11.53A1,1,0,1,0,5.29,13l3.84,3.84a1,1,0,0,0,1.42,0l8.16-8.16A1,1,0,0,0,18.71,7.21Z\"\/><\/svg>\n              <\/span>\n      <div >\n        Geringe Verschlei\u00dfrate\n      <\/div>\n\n    <\/li>\n\n  \n              \n              \n    <li>\n      <span class='bde-checkmark-list__icon bde-checkmark-list__icon_yes  bg-yes'>\n                  <svg xmlns=\"http:\/\/www.w3.org\/2000\/svg\" viewbox=\"0 0 24 24\"><path d=\"M18.71,7.21a1,1,0,0,0-1.42,0L9.84,14.67,6.71,11.53A1,1,0,1,0,5.29,13l3.84,3.84a1,1,0,0,0,1.42,0l8.16-8.16A1,1,0,0,0,18.71,7.21Z\"\/><\/svg>\n              <\/span>\n      <div >\n        Reduziertes Ruckgleiten\n      <\/div>\n\n    <\/li>\n\n  \n              \n              \n    <li>\n      <span class='bde-checkmark-list__icon bde-checkmark-list__icon_yes  bg-yes'>\n                  <svg xmlns=\"http:\/\/www.w3.org\/2000\/svg\" viewbox=\"0 0 24 24\"><path d=\"M18.71,7.21a1,1,0,0,0-1.42,0L9.84,14.67,6.71,11.53A1,1,0,1,0,5.29,13l3.84,3.84a1,1,0,0,0,1.42,0l8.16-8.16A1,1,0,0,0,18.71,7.21Z\"\/><\/svg>\n              <\/span>\n      <div >\n        Dimensionsstabilit\u00e4t\n      <\/div>\n\n    <\/li>\n\n  <\/ul>\n\n<\/div>\n<\/div><\/div><\/div>\n<\/section><section class=\"bde-section-2772-165 bde-section\">\n  \n\t\n\n\n\n<div class=\"section-container\"><div class=\"bde-columns-2772-166 bde-columns\"><div class=\"bde-column-2772-167 bde-column\">\n  \n\t\n\n\n\n<h3 class=\"bde-heading-2772-168 bde-heading\">\nProbleme und L\u00f6sungen bei unserer Produktion von PEEK-Teilen\n<\/h3><div class=\"bde-rich-text-2772-169 bde-rich-text breakdance-rich-text-styles\">\n<p>Die h\u00e4ufigsten Formen von PEEK-Produkten sind\u00a0<a href=\"https:\/\/peekmaterials.com\/de\/teile-ansehen\/ring-mit-blick\/\" data-wplink-edit=\"true\"><strong>PEEK-Dichtringe<\/strong><\/a>,\u00a0<strong>PEEK-Lager<\/strong>, Wellenbuchsen usw. Die gro\u00dfen, d\u00fcnnwandigen und langen PEEK-Buchsen sind aufgrund der leichten Klemmverformung, der Vibration des Messers und anderer Probleme im Bearbeitungsprozess schwierig zu verarbeiten.<\/p>\n<\/div>\n<\/div><div class=\"bde-column-2772-170 bde-column\">\n  \n\t\n\n\n\n<img decoding=\"async\" class=\"bde-image2-2772-171 bde-image2\" src=\"https:\/\/peekmaterials.com\/wp-content\/uploads\/2024\/06\/plastic-bushing-768x512.webp\" alt=\"Kunststoffbuchse\" srcset=\"https:\/\/peekmaterials.com\/wp-content\/uploads\/2024\/06\/plastic-bushing-768x512.webp 768w, https:\/\/peekmaterials.com\/wp-content\/uploads\/2024\/06\/plastic-bushing-300x200.webp 300w, https:\/\/peekmaterials.com\/wp-content\/uploads\/2024\/06\/plastic-bushing-18x12.webp 18w\" sizes=\"(max-width: 768px) 100vw, 768px\"><\/img>\n<\/div><\/div><\/div>\n<\/section><section class=\"bde-section-2772-148 bde-section\">\n  \n\t\n\n\n\n<div class=\"section-container\"><div class=\"bde-fancy-divider-2772-149 bde-fancy-divider\">\n\n\n<div class=\"bde-fancy-divider__wrapper\">\n  <div class=\"bde-fancy-divider__separator\">\n  \t  <\/div>\n<\/div>\n\n<\/div><div class=\"bde-fancy-divider-2772-150 bde-fancy-divider\">\n\n\n<div class=\"bde-fancy-divider__wrapper\">\n  <div class=\"bde-fancy-divider__separator\">\n  \t  <\/div>\n<\/div>\n\n<\/div><div class=\"bde-columns-2772-151 bde-columns\"><div class=\"bde-column-2772-152 bde-column\">\n  \n\t\n\n\n\n<h3 class=\"bde-heading-2772-153 bde-heading\">\nOEM\/ODM PEEK-H\u00fclsenbuchsen\n<\/h3><div class=\"bde-text-2772-182 bde-text\">\nBW\u00ae verf\u00fcgt \u00fcber eine CNC-Werkstatt mit fast 15 Arten von Bearbeitungsger\u00e4ten, darunter CNC-Bearbeitung, manuelle Instrumentierungsdrehmaschinen, Bohrmaschinen, spitzenlose Schleifmaschinen, doppelseitiges Schleifen, einseitiges Schleifen und so weiter.\n<\/div><div class=\"bde-text-2772-183 bde-text\">\nUm die Verarbeitungseffizienz zu verbessern, werden f\u00fcr die automatische Klemmung einer Vielzahl von Teilen automatisierte Ger\u00e4te verwendet, um eine unterbrechungsfreie Produktion rund um die Uhr zu erreichen und so eine hohe Qualit\u00e4t und effiziente Produktion der Produktteile zu gew\u00e4hrleisten.\n<\/div><div class=\"bde-text-2772-184 bde-text\">\nBei BW\u00ae erforschen und perfektionieren wir st\u00e4ndig unsere bestehenden Ger\u00e4te und Prozesse, f\u00fchren international fortschrittliche Technologien ein und nehmen innovative Verbesserungen vor, um die Anforderungen des Marktes hinsichtlich Funktionalit\u00e4t, Zuverl\u00e4ssigkeit und Sicherheit zu erf\u00fcllen.\n<\/div><div class=\"bde-image-2772-155 bde-image\">\n<figure class=\"breakdance-image breakdance-image--619\">\n\t<div class=\"breakdance-image-container\">\n\t\t<div class=\"breakdance-image-clip\"><img loading=\"lazy\" decoding=\"async\" class=\"breakdance-image-object\" src=\"https:\/\/peekmaterials.com\/wp-content\/uploads\/2024\/06\/peek-bushings.webp\" width=\"900\" height=\"600\" srcset=\"https:\/\/peekmaterials.com\/wp-content\/uploads\/2024\/06\/peek-bushings.webp 900w, https:\/\/peekmaterials.com\/wp-content\/uploads\/2024\/06\/peek-bushings-300x200.webp 300w, https:\/\/peekmaterials.com\/wp-content\/uploads\/2024\/06\/peek-bushings-768x512.webp 768w, https:\/\/peekmaterials.com\/wp-content\/uploads\/2024\/06\/peek-bushings-18x12.webp 18w\" sizes=\"auto, (max-width: 900px) 100vw, 900px\" alt=\"Peek-Buchsen\"><\/div>\n\t<\/div><\/figure>\n\n<\/div>\n<\/div><div class=\"bde-column-2772-156 bde-column\">\n  \n\t\n\n\n\n<h3 class=\"bde-dual-heading-2772-157 bde-dual-heading\">\n\n\n            <span data-style=\"primary\" class=\"dual-heading--primary\">Holen Sie sich jetzt Ihre PEEK-H\u00fclsenbuchsen!<\/span>\n\n\n\n<\/h3><div class=\"bde-form-builder-2772-158 bde-form-builder\">\n\n\n<form id=\"contact-form158\" class=\"breakdance-form breakdance-form--vertical\" data-options=\"{&quot;slug&quot;:&quot;custom&quot;,&quot;name&quot;:&quot;Contact Form&quot;,&quot;ajaxUrl&quot;:&quot;https:\\\/\\\/peekmaterials.com\\\/wp-admin\\\/admin-ajax.php&quot;,&quot;clearOnSuccess&quot;:true,&quot;hideOnSuccess&quot;:false,&quot;successMessage&quot;:&quot;The form was submitted successfully.&quot;,&quot;errorMessage&quot;:&quot;Something went wrong.&quot;,&quot;redirect&quot;:false,&quot;redirectUrl&quot;:&quot;&quot;,&quot;customJavaScript&quot;:&quot;&quot;,&quot;recaptcha&quot;:{&quot;key&quot;:&quot;&quot;,&quot;enabled&quot;:false},&quot;honeypot_enabled&quot;:false,&quot;popupsOnSuccess&quot;:[],&quot;popupsOnError&quot;:[]}\" data-steps=\"0\" action=\"\" >\n  \n  \n  \n<div class=\"breakdance-form-field breakdance-form-field--text\" >\n    \n    \n            <label class=\"breakdance-form-field__label\" for=\"name\">\n            Vorname<span class=\"breakdance-form-field__required\">*<\/span>\n        <\/label>\n    \n    <input\n    class=\"breakdance-form-field__input\"\n    id=\"name\"\n    aria-describedby=\"name\"\n    type=\"text\"\n    name=\"fields[name]\"\n    placeholder=\"Geben Sie Ihren Vornamen ein\"\n    value=\"\"\n                \n        \n        \n    required\n>\n\n\n    \n    \n<\/div>\n\n\n<div class=\"breakdance-form-field breakdance-form-field--text\" >\n    \n    \n            <label class=\"breakdance-form-field__label\" for=\"hhfcby\">\n            Nachname<span class=\"breakdance-form-field__required\">*<\/span>\n        <\/label>\n    \n    <input\n    class=\"breakdance-form-field__input\"\n    id=\"hhfcby\"\n    aria-describedby=\"hhfcby\"\n    type=\"text\"\n    name=\"fields[hhfcby]\"\n    placeholder=\"Geben Sie Ihren Nachnamen ein\"\n    value=\"\"\n                \n        \n        \n    required\n>\n\n\n    \n    \n<\/div>\n\n\n<div class=\"breakdance-form-field breakdance-form-field--email\" >\n    \n    \n            <label class=\"breakdance-form-field__label\" for=\"email\">\n            E-Mail-Adresse<span class=\"breakdance-form-field__required\">*<\/span>\n        <\/label>\n    \n    <input\n    class=\"breakdance-form-field__input\"\n    id=\"email\"\n    aria-describedby=\"email\"\n    type=\"email\"\n    name=\"fields[email]\"\n    placeholder=\"Geben Sie Ihre E-Mail ein\"\n    value=\"\"\n                \n        \n        \n    required\n>\n\n\n    \n    \n<\/div>\n\n\n<div class=\"breakdance-form-field breakdance-form-field--tel\" >\n    \n    \n            <label class=\"breakdance-form-field__label\" for=\"vlpzhz\">\n            Telefonnummer<span class=\"breakdance-form-field__required\">*<\/span>\n        <\/label>\n    \n    <input\n    class=\"breakdance-form-field__input\"\n    id=\"vlpzhz\"\n    aria-describedby=\"vlpzhz\"\n    type=\"tel\"\n    name=\"fields[vlpzhz]\"\n    placeholder=\"Geben Sie Ihr Telefon ein\"\n    value=\"\"\n                \n        \n        \n    required\n>\n\n\n    \n    \n<\/div>\n\n\n<div class=\"breakdance-form-field breakdance-form-field--textarea\" >\n    \n    \n            <label class=\"breakdance-form-field__label\" for=\"message\">\n            Nachricht\n        <\/label>\n    \n    <textarea\n    class=\"breakdance-form-field__input\"\n    id=\"message\"\n    aria-describedby=\"message\"\n    type=\"textarea\"\n    name=\"fields[message]\"\n        placeholder=\"Schreiben Sie hier Ihre Nachricht...\"\n    \n    >\n<\/textarea>\n\n\n    \n    \n<\/div>\n\n\n  \n\n<div class=\"breakdance-form-field breakdance-form-footer\">\n    \n    \n                                    \n    \n    \n    \n    \n            \n            <button type=\"submit\" class=\"button-atom button-atom--primary breakdance-form-button breakdance-form-button__submit\"  >\n    \n        <span class=\"button-atom__text\">Abonnieren<\/span>\n\n        \n        \n            <\/button>\n    \n    <input type=\"hidden\" name=\"form_id\" value=\"158\">\n    <input type=\"hidden\" name=\"post_id\" value=\"2772\">\n<\/div>\n\n  \n<input type=\"hidden\" name=\"trp-form-language\" value=\"de\"\/><\/form>\n\n\n\n<\/div>\n<\/div><\/div><\/div>\n<\/section><section class=\"bde-section-2772-159 bde-section\">\n  \n\t\n\n\n\n<div class=\"section-container\"><h3 class=\"bde-heading-2772-160 bde-heading\">\n\u00c4hnliche Produkte\n<\/h3><div class=\"bde-div-2772-161 bde-div\">\n  \n\t\n\n\n\n<div class=\"bde-image-hover-card-2772-162 bde-image-hover-card\">\n           \n            \n            \n\n    \n    \n    \n    \n    \n    <a class=\"breakdance-link\" href=\"https:\/\/peekmaterials.com\/de\/peek-formulare\/peek-filamente\/\" target=\"_self\" data-type=\"url\"  >\n\n<figure class=\"ee-imagehover c4-izmir c4-border-bottom-left c4-image-zoom-in\">\n    <img loading=\"lazy\" decoding=\"async\" class=\"breakdance-image-object\" src=\"https:\/\/peekmaterials.com\/wp-content\/uploads\/2025\/03\/3d-filament.webp\" width=\"500\" height=\"500\" srcset=\"https:\/\/peekmaterials.com\/wp-content\/uploads\/2025\/03\/3d-filament.webp 500w, https:\/\/peekmaterials.com\/wp-content\/uploads\/2025\/03\/3d-filament-300x300.webp 300w, https:\/\/peekmaterials.com\/wp-content\/uploads\/2025\/03\/3d-filament-150x150.webp 150w, https:\/\/peekmaterials.com\/wp-content\/uploads\/2025\/03\/3d-filament-12x12.webp 12w\" sizes=\"auto, (max-width: 500px) 100vw, 500px\" alt=\"\">\n  <figcaption class=\"c4-layout-bottom-left\">\n                <div class=\"c4-reveal-right c4-delay-100\">\n              <h4 class=\"ee-imagehover-title\">PEEK-FILAMENT<\/h4>\n      <\/div>\n      <\/figcaption>\n<\/figure>\n      <\/a>\n\n<\/div><div class=\"bde-image-hover-card-2772-163 bde-image-hover-card\">\n           \n            \n            \n\n    \n    \n    \n    \n    \n    <a class=\"breakdance-link\" href=\"https:\/\/peekmaterials.com\/de\/peek-formulare\/guckrohr\/\" target=\"_self\" data-type=\"url\"  >\n\n<figure class=\"ee-imagehover c4-izmir c4-border-bottom-left c4-image-zoom-in\">\n    <img loading=\"lazy\" decoding=\"async\" class=\"breakdance-image-object\" src=\"https:\/\/peekmaterials.com\/wp-content\/uploads\/2025\/02\/PEEK-TUBES.webp\" width=\"500\" height=\"500\" srcset=\"https:\/\/peekmaterials.com\/wp-content\/uploads\/2025\/02\/PEEK-TUBES.webp 500w, https:\/\/peekmaterials.com\/wp-content\/uploads\/2025\/02\/PEEK-TUBES-300x300.webp 300w, https:\/\/peekmaterials.com\/wp-content\/uploads\/2025\/02\/PEEK-TUBES-150x150.webp 150w, https:\/\/peekmaterials.com\/wp-content\/uploads\/2025\/02\/PEEK-TUBES-12x12.webp 12w\" sizes=\"auto, (max-width: 500px) 100vw, 500px\" alt=\"\">\n  <figcaption class=\"c4-layout-bottom-left\">\n                <div class=\"c4-reveal-right c4-delay-100\">\n              <h4 class=\"ee-imagehover-title\">PEEK-R\u00f6hrchen<\/h4>\n      <\/div>\n      <\/figcaption>\n<\/figure>\n      <\/a>\n\n<\/div><div class=\"bde-image-hover-card-2772-164 bde-image-hover-card\">\n           \n            \n            \n\n    \n    \n    \n    \n    \n    <a class=\"breakdance-link\" href=\"https:\/\/peekmaterials.com\/de\/peek-formulare\/guckblatt\/\" target=\"_self\" data-type=\"url\"  >\n\n<figure class=\"ee-imagehover c4-izmir c4-border-bottom-left c4-image-zoom-in\">\n    <img loading=\"lazy\" decoding=\"async\" class=\"breakdance-image-object\" src=\"https:\/\/peekmaterials.com\/wp-content\/uploads\/2024\/11\/PEEK-Thermo-Plastic-Sheets.webp\" width=\"1080\" height=\"1080\" srcset=\"https:\/\/peekmaterials.com\/wp-content\/uploads\/2024\/11\/PEEK-Thermo-Plastic-Sheets.webp 1080w, https:\/\/peekmaterials.com\/wp-content\/uploads\/2024\/11\/PEEK-Thermo-Plastic-Sheets-300x300.webp 300w, https:\/\/peekmaterials.com\/wp-content\/uploads\/2024\/11\/PEEK-Thermo-Plastic-Sheets-1024x1024.webp 1024w, https:\/\/peekmaterials.com\/wp-content\/uploads\/2024\/11\/PEEK-Thermo-Plastic-Sheets-150x150.webp 150w, https:\/\/peekmaterials.com\/wp-content\/uploads\/2024\/11\/PEEK-Thermo-Plastic-Sheets-768x768.webp 768w, https:\/\/peekmaterials.com\/wp-content\/uploads\/2024\/11\/PEEK-Thermo-Plastic-Sheets-12x12.webp 12w\" sizes=\"auto, (max-width: 1080px) 100vw, 1080px\" alt=\"Thermoplastische PEEK-Platten\">\n  <figcaption class=\"c4-layout-bottom-left\">\n                <div class=\"c4-reveal-right c4-delay-100\">\n              <h4 class=\"ee-imagehover-title\">PEEK-Platte<\/h4>\n      <\/div>\n      <\/figcaption>\n<\/figure>\n      <\/a>\n\n<\/div>\n<\/div><\/div>\n<\/section>","protected":false},"excerpt":{"rendered":"<p>PEEK-Buchsen PEEK-Buchsen (Polyetheretherketon-Buchsen) Dies ist eine Art Buchse aus technischem PEEK-Kunststoff, die im Spritzgussverfahren oder durch CNC-Bearbeitung hergestellt wird. Die Hauptfunktion besteht darin, die Reibung und den Verschlei\u00df bei Wellenbewegungen zu fixieren und zu reduzieren. Polyetheretherketon ist ein teilkristalliner Thermoplast mit hoher Temperaturbest\u00e4ndigkeit, Selbstschmierung, einfacher Verarbeitung, hoher Zugfestigkeit, Steifigkeit, guter [\u2026]<\/p>","protected":false},"author":1,"featured_media":622,"parent":2503,"menu_order":0,"comment_status":"closed","ping_status":"closed","template":"","meta":{"googlesitekit_rrm_CAowl6XZCw:productID":"","_breakdance_hide_in_design_set":false,"_breakdance_tags":"","footnotes":""},"class_list":["post-2772","page","type-page","status-publish","has-post-thumbnail","hentry"],"_links":{"self":[{"href":"https:\/\/peekmaterials.com\/de\/wp-json\/wp\/v2\/pages\/2772","targetHints":{"allow":["GET"]}}],"collection":[{"href":"https:\/\/peekmaterials.com\/de\/wp-json\/wp\/v2\/pages"}],"about":[{"href":"https:\/\/peekmaterials.com\/de\/wp-json\/wp\/v2\/types\/page"}],"author":[{"embeddable":true,"href":"https:\/\/peekmaterials.com\/de\/wp-json\/wp\/v2\/users\/1"}],"replies":[{"embeddable":true,"href":"https:\/\/peekmaterials.com\/de\/wp-json\/wp\/v2\/comments?post=2772"}],"version-history":[{"count":8,"href":"https:\/\/peekmaterials.com\/de\/wp-json\/wp\/v2\/pages\/2772\/revisions"}],"predecessor-version":[{"id":2780,"href":"https:\/\/peekmaterials.com\/de\/wp-json\/wp\/v2\/pages\/2772\/revisions\/2780"}],"up":[{"embeddable":true,"href":"https:\/\/peekmaterials.com\/de\/wp-json\/wp\/v2\/pages\/2503"}],"wp:featuredmedia":[{"embeddable":true,"href":"https:\/\/peekmaterials.com\/de\/wp-json\/wp\/v2\/media\/622"}],"wp:attachment":[{"href":"https:\/\/peekmaterials.com\/de\/wp-json\/wp\/v2\/media?parent=2772"}],"curies":[{"name":"wp","href":"https:\/\/api.w.org\/{rel}","templated":true}]}}